{"id":1394,"date":"2023-03-06T10:15:56","date_gmt":"2023-03-06T09:15:56","guid":{"rendered":"https:\/\/admin.boschcarservice.no\/norwegian\/?page_id=1394"},"modified":"2024-06-17T12:41:22","modified_gmt":"2024-06-17T10:41:22","slug":"tjenester","status":"publish","type":"page","link":"https:\/\/admin.boschcarservice.no\/norwegian\/tjenester\/","title":{"rendered":"Tjenester"},"content":{"rendered":"\n<h1 class=\"wp-block-heading\">V\u00e5re tjenester<\/h1>\n\n\n\n<p>[VERKSTED] tilbyr et bredt spekter av tjenester for bilen din. Klikk nedenfor for mer informasjon.<\/p>\n\n\n\n<p><\/p>\n\n\n\t\t\n\t\t<div class=\"wp-block-hoyry-bosch-service-list\">\n\t\t\t<service-list-block>\n\t\t\t\t\n\t\t\t\t<left-column>\n\t\t\t\t\t<h6>Filtrer etter tjeneste<\/h6>\n\t\t\t\t\t<service-filters>\n\t\t\t\t\t\t\t\t\t\t\t\t\t\t\t\t\t\t\t\t\t<service-filter data-term-slug=\"elektronisk-systemtjeneste\">\n\t\t\t\t\t\t\t\t\t<service-icon><svg xmlns=\"http:\/\/www.w3.org\/2000\/svg\" xmlns:xlink=\"http:\/\/www.w3.org\/1999\/xlink\" width=\"52\" height=\"52\" viewBox=\"0 0 52 52\">\n  <defs>\n    <clipPath id=\"clip-Artboard_8\">\n      <rect width=\"52\" height=\"52\"\/>\n    <\/clipPath>\n  <\/defs>\n  <g id=\"Artboard_8\" data-name=\"Artboard \u2013 8\" clip-path=\"url(#clip-Artboard_8)\">\n    <rect width=\"52\" height=\"52\" fill=\"transparent\"\/>\n    <path id=\"Shape\" d=\"M33.25,3.562V0H24.938V3.562H13.063V0H4.75V3.562H0V38H38V3.562ZM35.625,9.5V35.625H2.375V5.937h33.25ZM4.75,15.438h8.313v2.375H4.75Zm24.937,0H33.25v2.375H29.687v3.563H27.313V17.813H23.75V15.438h3.563V11.875h2.375Z\" transform=\"translate(7 7)\" fill=\"#2e6ca8\"\/>\n  <\/g>\n<\/svg>\n<\/service-icon>\n\t\t\t\t\t\t\t\t\t<service-name>Elektronisk systemtjeneste<\/service-name>\n\t\t\t\t\t\t\t\t<\/service-filter>\n\t\t\t\t\t\t\t\t\n\t\t\t\t\t\t\t\t\t\t\t\t\t\t\t<service-filter data-term-slug=\"inspeksjon-og-kontroller\">\n\t\t\t\t\t\t\t\t\t<service-icon><svg xmlns=\"http:\/\/www.w3.org\/2000\/svg\" xmlns:xlink=\"http:\/\/www.w3.org\/1999\/xlink\" width=\"52\" height=\"52\" viewBox=\"0 0 52 52\">\n  <defs>\n    <clipPath id=\"clip-Artboard_6\">\n      <rect width=\"52\" height=\"52\"\/>\n    <\/clipPath>\n  <\/defs>\n  <g id=\"Artboard_6\" data-name=\"Artboard \u2013 6\" clip-path=\"url(#clip-Artboard_6)\">\n    <rect width=\"52\" height=\"52\" fill=\"transparent\"\/>\n    <path id=\"Shape\" d=\"M28.756.735a9.808,9.808,0,0,0-1.347,1.927,26.578,26.578,0,0,0-5.373-.474h-.07c-2.208-.068-8.315.3-10.061,2.8l-.036.049a25.371,25.371,0,0,0-3.125,6.212l-.251.745H3.123A1.1,1.1,0,0,0,3.3,14.171H6.689l-1.429,1.77C5.24,15.964,3.3,18.408,3.3,20.707v7.625a9.5,9.5,0,0,0,.727,4.357h4.2c.218-.251.848-1.247.848-4.357V27.243H29.7v2.179H11.243c-.113,1.94-.6,5.112-2.537,5.432l-.09.015H3.85c-2.482,0-2.75-4.571-2.75-6.536V20.707a9.536,9.536,0,0,1,1.342-4.46,3.278,3.278,0,0,1,.428-6.422l.156-.011h3.9a25.4,25.4,0,0,1,3.188-6.092C11.325,2.012,13.729.871,17.26.329A28.857,28.857,0,0,1,22,.01a27.5,27.5,0,0,1,6.755.726ZM17.325,20.979a2.959,2.959,0,0,0-2.9-2.988l-4.674-.545-.129-.007a3.014,3.014,0,0,0-3.025,3v.545a3.014,3.014,0,0,0,3.025,3H14.3A3.014,3.014,0,0,0,17.325,20.979Zm-3.153-.824c.953.11.953.54.953.824a.822.822,0,0,1-.825.817H9.625a.822.822,0,0,1-.825-.817v-.545a.821.821,0,0,1,.774-.815c.513.06,3.427.4,4.6.536ZM44,7.374q0-.153-.012-.306A7.667,7.667,0,0,0,37.4,0V7.484a1.1,1.1,0,0,1-2.2,0V0a7.668,7.668,0,0,0-6.584,7.068c-.005.1-.01.2-.012.307,0,.046,0,.092,0,.138A7.564,7.564,0,0,0,31.9,13.7V34.868h2.2v-22.4l-.552-.314A5.336,5.336,0,0,1,33,3.17V7.484a3.3,3.3,0,0,0,6.6,0V3.17a5.336,5.336,0,0,1-.548,8.983l-.552.314v22.4h2.2V13.7A7.565,7.565,0,0,0,44,7.512c0-.046,0-.092,0-.138Z\" transform=\"translate(4 8.566)\" fill=\"#2e6ca8\"\/>\n  <\/g>\n<\/svg>\n<\/service-icon>\n\t\t\t\t\t\t\t\t\t<service-name>Inspeksjon og kontroller<\/service-name>\n\t\t\t\t\t\t\t\t<\/service-filter>\n\t\t\t\t\t\t\t\t\n\t\t\t\t\t\t\t\t\t\t\t\t\t\t\t<service-filter data-term-slug=\"dekkservice\">\n\t\t\t\t\t\t\t\t\t<service-icon><svg xmlns=\"http:\/\/www.w3.org\/2000\/svg\" xmlns:xlink=\"http:\/\/www.w3.org\/1999\/xlink\" width=\"52\" height=\"52\" viewBox=\"0 0 52 52\">\n  <defs>\n    <clipPath id=\"clip-Artboard_7\">\n      <rect width=\"52\" height=\"52\"\/>\n    <\/clipPath>\n  <\/defs>\n  <g id=\"Artboard_7\" data-name=\"Artboard \u2013 7\" clip-path=\"url(#clip-Artboard_7)\">\n    <rect width=\"52\" height=\"52\" fill=\"transparent\"\/>\n    <path id=\"Shape\" d=\"M21.34,14.336a.949.949,0,0,0,1.136.805l7.085-1.489a.948.948,0,0,0,.661-1.335A11.964,11.964,0,0,0,26.529,8.2a11.617,11.617,0,0,0-5.092-2.158A.948.948,0,0,0,20.4,7.108l.942,7.228Zm4.082-4.6a11.264,11.264,0,0,1,2.406,2.338l-4.74,1-.632-4.853A10.869,10.869,0,0,1,25.422,9.74ZM18.99,16.155A2.846,2.846,0,1,1,16.145,19,2.846,2.846,0,0,1,18.99,16.155Zm-10.518-2.5,7.086,1.489a.949.949,0,0,0,1.136-.805l.942-7.228A.948.948,0,0,0,16.6,6.041,11.621,11.621,0,0,0,11.5,8.2,11.967,11.967,0,0,0,7.81,12.316a.949.949,0,0,0,.661,1.335Zm4.14-3.912a10.891,10.891,0,0,1,2.965-1.514l-.632,4.848-4.74-1A11.241,11.241,0,0,1,12.611,9.74ZM19,0A19,19,0,1,0,38,19,19.021,19.021,0,0,0,19,0Zm0,34.207A15.207,15.207,0,1,1,34.207,19,15.224,15.224,0,0,1,19,34.207ZM14.516,20.369a.948.948,0,0,0-.506-.562L7.416,16.8a.948.948,0,0,0-1.326.69,12.062,12.062,0,0,0,.571,5.515,11.749,11.749,0,0,0,2.845,4.763.948.948,0,0,0,1.471-.249l3.473-6.4a.946.946,0,0,0,.066-.753ZM9.971,25.4a11.036,11.036,0,0,1-1.508-2.985A11.392,11.392,0,0,1,7.889,19.1l4.41,2.011L9.971,25.4Zm21.938-7.97a.949.949,0,0,0-1.326-.69L23.99,19.745a.948.948,0,0,0-.44,1.316l3.472,6.4a.948.948,0,0,0,1.471.249,11.743,11.743,0,0,0,2.845-4.763,12.064,12.064,0,0,0,.571-5.515ZM29.537,22.35a11.033,11.033,0,0,1-1.508,2.985L25.7,21.049l4.413-2.012a11.357,11.357,0,0,1-.578,3.314Zm-9.815,1.593a.948.948,0,0,0-.7-.305h0a.948.948,0,0,0-.7.307l-4.918,5.349a.948.948,0,0,0,.235,1.47,11.851,11.851,0,0,0,5.384,1.2h.024a11.592,11.592,0,0,0,5.368-1.213.949.949,0,0,0,.228-1.467l-4.927-5.341Zm-.669,6.124h-.021a11.126,11.126,0,0,1-3.3-.5l3.293-3.582,3.306,3.585A10.817,10.817,0,0,1,19.053,30.067Z\" transform=\"translate(7 7)\" fill=\"#2e6ca8\"\/>\n  <\/g>\n<\/svg>\n<\/service-icon>\n\t\t\t\t\t\t\t\t\t<service-name>Dekkservice<\/service-name>\n\t\t\t\t\t\t\t\t<\/service-filter>\n\t\t\t\t\t\t\t\t\n\t\t\t\t\t\t\t\t\t\t\t\t\t\t\t<service-filter data-term-slug=\"motorservice\">\n\t\t\t\t\t\t\t\t\t<service-icon><svg xmlns=\"http:\/\/www.w3.org\/2000\/svg\" xmlns:xlink=\"http:\/\/www.w3.org\/1999\/xlink\" width=\"52\" height=\"52\" viewBox=\"0 0 52 52\">\n  <defs>\n    <clipPath id=\"clip-Artboard_9\">\n      <rect width=\"52\" height=\"52\"\/>\n    <\/clipPath>\n  <\/defs>\n  <g id=\"Artboard_9\" data-name=\"Artboard \u2013 9\" clip-path=\"url(#clip-Artboard_9)\">\n    <rect width=\"52\" height=\"52\" fill=\"transparent\"\/>\n    <path id=\"Shape\" d=\"M37.867,10.878l-5.5-5.439H26.4V2.176h4.4V0h-11V2.176h4.4V5.439H19.718l-5.665,5.439H5.5v6.527H2.2V13.054H0V23.932H2.2V19.581H5.5v6.527h8.552l5.665,5.439H44V10.878ZM31.432,7.615l5.5,5.439H41.8v5.439H22V7.615ZM7.7,13.054h5.5V23.932H7.7Zm7.7,11.313V12.619l4.4-4.243V28.583l-4.4-4.215Zm6.6,5v-8.7h2.2v8.7Zm8.8,0V26.108H28.6v3.264H26.4v-8.7h2.2v3.264h2.2V20.669H33v8.7Zm8.8,0V26.108H37.4v3.264H35.2v-8.7h2.2v3.264h2.2V20.669h2.2v8.7Z\" transform=\"translate(4.825 10.929)\" fill=\"#2e6ca8\"\/>\n  <\/g>\n<\/svg>\n<\/service-icon>\n\t\t\t\t\t\t\t\t\t<service-name>Motorservice<\/service-name>\n\t\t\t\t\t\t\t\t<\/service-filter>\n\t\t\t\t\t\t\t\t\n\t\t\t\t\t\t\t\t\t\t\t\t\t\t\t<service-filter data-term-slug=\"lyskontroll\">\n\t\t\t\t\t\t\t\t\t<service-icon><svg xmlns=\"http:\/\/www.w3.org\/2000\/svg\" xmlns:xlink=\"http:\/\/www.w3.org\/1999\/xlink\" width=\"52\" height=\"52\" viewBox=\"0 0 52 52\">\n  <defs>\n    <clipPath id=\"clip-Artboard_11\">\n      <rect width=\"52\" height=\"52\"\/>\n    <\/clipPath>\n  <\/defs>\n  <g id=\"Artboard_11\" data-name=\"Artboard \u2013 11\" clip-path=\"url(#clip-Artboard_11)\">\n    <rect width=\"52\" height=\"52\" fill=\"transparent\"\/>\n    <path id=\"Shape\" d=\"M40,7.9H29V5.922H40Zm0,3.948H29v1.974H40Zm0,5.922H29v1.974H40ZM26,12.831c0,3.533-1.856,12.829-6,12.829A24.652,24.652,0,0,1,6.169,21.035C2.421,18.394,0,15.173,0,12.83S2.421,7.267,6.169,4.625A24.654,24.654,0,0,1,20,0c4.144,0,6,9.3,6,12.829m-2,0C23.993,7.8,21.574,1.974,20,1.974A22.669,22.669,0,0,0,7.331,6.231C3.831,8.7,2,11.419,2,12.83s1.831,4.132,5.331,6.6A22.668,22.668,0,0,0,20,23.687C21.574,23.687,23.993,17.864,24,12.83Z\" transform=\"translate(6.977 14.117)\" fill=\"#2e6ca8\"\/>\n  <\/g>\n<\/svg>\n<\/service-icon>\n\t\t\t\t\t\t\t\t\t<service-name>Lyskontroll<\/service-name>\n\t\t\t\t\t\t\t\t<\/service-filter>\n\t\t\t\t\t\t\t\t\n\t\t\t\t\t\t\t\t\t\t\t\t\t\t\t<service-filter data-term-slug=\"bilreparasjon-og-service\">\n\t\t\t\t\t\t\t\t\t<service-icon><svg xmlns=\"http:\/\/www.w3.org\/2000\/svg\" xmlns:xlink=\"http:\/\/www.w3.org\/1999\/xlink\" width=\"52\" height=\"52\" viewBox=\"0 0 52 52\">\n  <defs>\n    <clipPath id=\"clip-Artboard_13\">\n      <rect width=\"52\" height=\"52\"\/>\n    <\/clipPath>\n  <\/defs>\n  <g id=\"Artboard_13\" data-name=\"Artboard \u2013 13\" clip-path=\"url(#clip-Artboard_13)\">\n    <rect width=\"52\" height=\"52\" fill=\"transparent\"\/>\n    <path id=\"Shape\" d=\"M12432.167-6729.675a4.016,4.016,0,0,1,0-5.661l11.349-11.346,1.418,1.414-1.418,1.417-9.932,9.932a1.992,1.992,0,0,0-.588,1.417,1.982,1.982,0,0,0,.588,1.411,1.991,1.991,0,0,0,1.411.585,1.993,1.993,0,0,0,1.415-.585l6.928-6.928,4.421-4.421,1.415,1.414-11.347,11.35a3.983,3.983,0,0,1-2.829,1.17A3.979,3.979,0,0,1,12432.167-6729.675Zm21.03-6.825a7.506,7.506,0,0,1,.52-2.741l-12.275-12.275a7.455,7.455,0,0,1-2.741.519,7.511,7.511,0,0,1-7.5-7.5,7.481,7.481,0,0,1,1.168-4.021l4.649,4.653a1.489,1.489,0,0,0,1.061.438,1.474,1.474,0,0,0,1.058-.438,1.48,1.48,0,0,0,.444-1.064,1.49,1.49,0,0,0-.444-1.058l-4.687-4.687a7.441,7.441,0,0,1,4.252-1.32,7.508,7.508,0,0,1,7.5,7.5,7.466,7.466,0,0,1-.517,2.741l12.275,12.275a7.473,7.473,0,0,1,2.738-.516,7.511,7.511,0,0,1,7.5,7.5,7.43,7.43,0,0,1-1.324,4.252l-4.655-4.656a1.485,1.485,0,0,0-1.059-.438,1.5,1.5,0,0,0-1.061.438,1.5,1.5,0,0,0-.437,1.061,1.494,1.494,0,0,0,.438,1.061l4.616,4.616a7.484,7.484,0,0,1-4.021,1.167A7.51,7.51,0,0,1,12453.2-6736.5Zm2.857-3.232-.476,1.217a5.571,5.571,0,0,0-.379,2.015,5.5,5.5,0,0,0,5.5,5.5c.116,0,.231,0,.348-.009l-2.356-2.356a3.477,3.477,0,0,1-1.023-2.475,3.485,3.485,0,0,1,1.021-2.472,3.473,3.473,0,0,1,2.478-1.026,3.467,3.467,0,0,1,2.476,1.026l2.519,2.516a5.789,5.789,0,0,0,.044-.7,5.509,5.509,0,0,0-5.5-5.5,5.462,5.462,0,0,0-2.006.378l-1.221.482-14.125-14.128.476-1.221a5.494,5.494,0,0,0,.379-2.012,5.506,5.506,0,0,0-5.5-5.5,5.25,5.25,0,0,0-.7.044l2.551,2.547a3.49,3.49,0,0,1,1.029,2.475,3.493,3.493,0,0,1-1.026,2.479,3.471,3.471,0,0,1-2.476,1.023,3.466,3.466,0,0,1-2.475-1.023l-2.394-2.394c-.007.116-.01.232-.01.348a5.509,5.509,0,0,0,5.5,5.5,5.418,5.418,0,0,0,2.006-.381l1.221-.482Zm-2.009-10.42,1.414-1.415.007.006,4.644-4.644h2.69l3.089-5.157-2.034-2.037-5.16,3.089v2.694l-2.575,2.572-.006-.006-3.483,3.483-1.407-1.4,5.47-5.473v-3l7.472-4.472,4.243,4.243-4.472,7.469h-3l-5.47,5.47Z\" transform=\"translate(-12423.199 6773)\" fill=\"#2e6ca8\"\/>\n  <\/g>\n<\/svg>\n<\/service-icon>\n\t\t\t\t\t\t\t\t\t<service-name>Bilreparasjon og service<\/service-name>\n\t\t\t\t\t\t\t\t<\/service-filter>\n\t\t\t\t\t\t\t\t\n\t\t\t\t\t\t\t\t\t\t\t\t\t\t\t\t\t\t<\/service-filters>\n\t\t\t\t<\/left-column>\n\t\t\t\t\n\t\t\t\t<right-column>\n\t\t\t\t\t<service-list>\n\t\t\t\t\t\t\t\t\t\t\t\t\t\t\t\t\t\t\t\t\t<service-category class=\"elektronisk-systemtjeneste\" >\n\t\t\t\t\t\t\t\t\t<h3>Elektronisk systemtjeneste<\/h3>\n\t\t\t\t\t\t\t\t\t<service-items>\n\t\t\t\t\t\t\t\t\t\t\t\t\t\t\t\t\t\t\t\t\t\t\t\t\t\t\t\t\t\t\t\t\t<a href=\"https:\/\/admin.boschcarservice.no\/norwegian\/service\/elektronisk-service-og-diagnose\/\" class=\"service-item\">\n\t\t\t\t\t\t\t\t\t\t\t\t\t<h4>Elektronisk service og diagnose<\/h4>\n\t\t\t\t\t\t\t\t\t\t\t\t\t<p>[VERKSTED] kan tilby et komplett spekter av elektrisk og elektronisk service, fra \u00e5 diagnostisere og reparere problemer med kj\u00f8ret\u00f8yets datamaskinsystem til \u00e5 sjekke og skifte batteri.<\/p>\n\t\t\t\t\t\t\t\t\t\t\t\t\t<service-arrow><\/service-arrow>\n\t\t\t\t\t\t\t\t\t\t\t\t<\/a>\n\t\t\t\t\t\t\t\t\t\t\t\t\t\t\t\t\t\t\t\t\t\t\t<a href=\"https:\/\/admin.boschcarservice.no\/norwegian\/service\/batterisjekk\/\" class=\"service-item\">\n\t\t\t\t\t\t\t\t\t\t\t\t\t<h4>Batterisjekk<\/h4>\n\t\t\t\t\t\t\t\t\t\t\t\t\t<p>En enkel batterisjekk fra [VERKSTED] vil hjelpe deg med \u00e5 unng\u00e5 bryderiet med en utladet batteri.<\/p>\n\t\t\t\t\t\t\t\t\t\t\t\t\t<service-arrow><\/service-arrow>\n\t\t\t\t\t\t\t\t\t\t\t\t<\/a>\n\t\t\t\t\t\t\t\t\t\t\t\t\t\t\t\t\t\t\t\t\t\t\t\t\t\t\t\t\t\t<\/service-items>\n\t\t\t\t\t\t\t\t<\/service-category>\n\t\t\t\t\t\t\t\t\n\t\t\t\t\t\t\t\t\t\t\t\t\t\t\t<service-category class=\"inspeksjon-og-kontroller\" >\n\t\t\t\t\t\t\t\t\t<h3>Inspeksjon og kontroller<\/h3>\n\t\t\t\t\t\t\t\t\t<service-items>\n\t\t\t\t\t\t\t\t\t\t\t\t\t\t\t\t\t\t\t\t\t\t\t\t\t\t\t\t\t\t\t\t\t<a href=\"https:\/\/admin.boschcarservice.no\/norwegian\/service\/diagnostisk-sjekk\/\" class=\"service-item\">\n\t\t\t\t\t\t\t\t\t\t\t\t\t<h4>Diagnostisk sjekk<\/h4>\n\t\t\t\t\t\t\t\t\t\t\t\t\t<p>En datamaskinbasert diagnostisk sjekk fra [VERKSTED] vil gi deg et sant bilde av hvordan kj\u00f8ret\u00f8yet ditt fungerer.<\/p>\n\t\t\t\t\t\t\t\t\t\t\t\t\t<service-arrow><\/service-arrow>\n\t\t\t\t\t\t\t\t\t\t\t\t<\/a>\n\t\t\t\t\t\t\t\t\t\t\t\t\t\t\t\t\t\t\t\t\t\t\t<a href=\"https:\/\/admin.boschcarservice.no\/norwegian\/service\/reparasjon-og-vedlikehold-av-bremser\/\" class=\"service-item\">\n\t\t\t\t\t\t\t\t\t\t\t\t\t<h4>Reparasjon og vedlikehold av bremser<\/h4>\n\t\t\t\t\t\t\t\t\t\t\t\t\t<p>Bremsereparasjon og vedlikehold hos [VERKSTED] garanterer sikkerheten din p\u00e5 veien.<\/p>\n\t\t\t\t\t\t\t\t\t\t\t\t\t<service-arrow><\/service-arrow>\n\t\t\t\t\t\t\t\t\t\t\t\t<\/a>\n\t\t\t\t\t\t\t\t\t\t\t\t\t\t\t\t\t\t\t\t\t\t\t<a href=\"https:\/\/admin.boschcarservice.no\/norwegian\/service\/service-for-el-og-hybridbiler\/\" class=\"service-item\">\n\t\t\t\t\t\t\t\t\t\t\t\t\t<h4>Service for el- og hybridbiler<\/h4>\n\t\t\t\t\t\t\t\t\t\t\t\t\t<p>Bosch har v\u00e6rt involvert helt fra begynnelsen i utviklingen av nye komponenter for hybrid- og elektriske kj\u00f8ret\u00f8y. Bosch leverer n\u00e5 utstyr til de fleste produsenter av hybridbiler som originalutstyr. Derfor har [VERKSTED] dyktige Bosch Car Service-mekanikere med full erfaring innen reparasjon og vedlikehold av disse kj\u00f8ret\u00f8yene.<\/p>\n\t\t\t\t\t\t\t\t\t\t\t\t\t<service-arrow><\/service-arrow>\n\t\t\t\t\t\t\t\t\t\t\t\t<\/a>\n\t\t\t\t\t\t\t\t\t\t\t\t\t\t\t\t\t\t\t\t\t\t\t<a href=\"https:\/\/admin.boschcarservice.no\/norwegian\/service\/inspeksjon-og-service\/\" class=\"service-item\">\n\t\t\t\t\t\t\t\t\t\t\t\t\t<h4>Inspeksjon og service<\/h4>\n\t\t\t\t\t\t\t\t\t\t\t\t\t<p>[VERKSTED] kan levere profesjonelt inspeksjons- og vedlikeholdsarbeid samtidig som du beholder produsentens garantidekning. Ogs\u00e5 for nye biler.<\/p>\n\t\t\t\t\t\t\t\t\t\t\t\t\t<service-arrow><\/service-arrow>\n\t\t\t\t\t\t\t\t\t\t\t\t<\/a>\n\t\t\t\t\t\t\t\t\t\t\t\t\t\t\t\t\t\t\t\t\t\t\t<a href=\"https:\/\/admin.boschcarservice.no\/norwegian\/service\/klimaservice\/\" class=\"service-item\">\n\t\t\t\t\t\t\t\t\t\t\t\t\t<h4>Klimaservice<\/h4>\n\t\t\t\t\t\t\t\t\t\t\t\t\t<p>[VERKSTED] vil gjerne utf\u00f8re service p\u00e5 klimaanlegget ditt. Dra nytte av regelmessig klimaservice.<\/p>\n\t\t\t\t\t\t\t\t\t\t\t\t\t<service-arrow><\/service-arrow>\n\t\t\t\t\t\t\t\t\t\t\t\t<\/a>\n\t\t\t\t\t\t\t\t\t\t\t\t\t\t\t\t\t\t\t\t\t\t\t<a href=\"https:\/\/admin.boschcarservice.no\/norwegian\/service\/helsesjekk\/\" class=\"service-item\">\n\t\t\t\t\t\t\t\t\t\t\t\t\t<h4>Helsesjekk<\/h4>\n\t\t\t\t\t\t\t\t\t\t\t\t\t<p>Hvis du \u00f8nsker \u00e5 sikre at bilen din alltid er i en trygg tilstand, vil [VERKSTED] unders\u00f8ke den grundig under en helsesjekk &#8211; raskt, grundig og til en rettferdig pris.<\/p>\n\t\t\t\t\t\t\t\t\t\t\t\t\t<service-arrow><\/service-arrow>\n\t\t\t\t\t\t\t\t\t\t\t\t<\/a>\n\t\t\t\t\t\t\t\t\t\t\t\t\t\t\t\t\t\t\t\t\t\t\t\t\t\t\t\t\t\t<\/service-items>\n\t\t\t\t\t\t\t\t<\/service-category>\n\t\t\t\t\t\t\t\t\n\t\t\t\t\t\t\t\t\t\t\t\t\t\t\t<service-category class=\"dekkservice\" >\n\t\t\t\t\t\t\t\t\t<h3>Dekkservice<\/h3>\n\t\t\t\t\t\t\t\t\t<service-items>\n\t\t\t\t\t\t\t\t\t\t\t\t\t\t\t\t\t\t\t\t\t\t\t\t\t\t\t\t\t\t\t\t\t<a href=\"https:\/\/admin.boschcarservice.no\/norwegian\/service\/dekkmontering\/\" class=\"service-item\">\n\t\t\t\t\t\t\t\t\t\t\t\t\t<h4>Dekkmontering<\/h4>\n\t\t\t\t\t\t\t\t\t\t\t\t\t<p>N\u00e5r du ber [VERKSTED] om \u00e5 montere dekkene dine, gir vi mye ekstra verdi til deg som kunde.<\/p>\n\t\t\t\t\t\t\t\t\t\t\t\t\t<service-arrow><\/service-arrow>\n\t\t\t\t\t\t\t\t\t\t\t\t<\/a>\n\t\t\t\t\t\t\t\t\t\t\t\t\t\t\t\t\t\t\t\t\t\t\t\t\t\t\t\t\t\t<\/service-items>\n\t\t\t\t\t\t\t\t<\/service-category>\n\t\t\t\t\t\t\t\t\n\t\t\t\t\t\t\t\t\t\t\t\t\t\t\t<service-category class=\"motorservice\" >\n\t\t\t\t\t\t\t\t\t<h3>Motorservice<\/h3>\n\t\t\t\t\t\t\t\t\t<service-items>\n\t\t\t\t\t\t\t\t\t\t\t\t\t\t\t\t\t\t\t\t\t\t\t\t\t\t\t\t\t\t\t\t\t<a href=\"https:\/\/admin.boschcarservice.no\/norwegian\/service\/motordiagnose\/\" class=\"service-item\">\n\t\t\t\t\t\t\t\t\t\t\t\t\t<h4>Motordiagnose<\/h4>\n\t\t\t\t\t\t\t\t\t\t\t\t\t<p>Biler blir stadig mer teknologisk avanserte, og det stiller st\u00f8rre utfordringer for verksteder. Moderne motorstyringssystemer kontrollerer n\u00e5 drivstoffinnspr\u00f8ytning elektronisk for \u00e5 sikre optimal motorytelse og drivstoffeffektivitet. V\u00e5re spesialister bruker det nyeste diagnostiske utstyret og sin omfattende ekspertise for \u00e5 analysere bilen din og sikre ytelsen og effektiviteten.<\/p>\n\t\t\t\t\t\t\t\t\t\t\t\t\t<service-arrow><\/service-arrow>\n\t\t\t\t\t\t\t\t\t\t\t\t<\/a>\n\t\t\t\t\t\t\t\t\t\t\t\t\t\t\t\t\t\t\t\t\t\t\t<a href=\"https:\/\/admin.boschcarservice.no\/norwegian\/service\/olje-og-filterbytte\/\" class=\"service-item\">\n\t\t\t\t\t\t\t\t\t\t\t\t\t<h4>Olje- og filterbytte<\/h4>\n\t\t\t\t\t\t\t\t\t\t\t\t\t<p>Et olje- og filterbytte kan virke som en rutinemessig service, men \u00e5 be om dette fra [VERKSTED] har noen betydelige fordeler.<\/p>\n\t\t\t\t\t\t\t\t\t\t\t\t\t<service-arrow><\/service-arrow>\n\t\t\t\t\t\t\t\t\t\t\t\t<\/a>\n\t\t\t\t\t\t\t\t\t\t\t\t\t\t\t\t\t\t\t\t\t\t\t\t\t\t\t\t\t\t<\/service-items>\n\t\t\t\t\t\t\t\t<\/service-category>\n\t\t\t\t\t\t\t\t\n\t\t\t\t\t\t\t\t\t\t\t\t\t\t\t<service-category class=\"lyskontroll\" >\n\t\t\t\t\t\t\t\t\t<h3>Lyskontroll<\/h3>\n\t\t\t\t\t\t\t\t\t<service-items>\n\t\t\t\t\t\t\t\t\t\t\t\t\t\t\t\t\t\t\t\t\t\t\t\t\t\t\t\t\t\t\t\t\t<a href=\"https:\/\/admin.boschcarservice.no\/norwegian\/service\/lyskontroll\/\" class=\"service-item\">\n\t\t\t\t\t\t\t\t\t\t\t\t\t<h4>Lyskontroll<\/h4>\n\t\t\t\t\t\t\t\t\t\t\t\t\t<p>\u00c5 se og bli sett er et viktig aspekt ved veisikkerheten uansett tid p\u00e5 \u00e5ret. Derfor er det en god id\u00e9 \u00e5 f\u00e5 kontrollert billysene regelmessig hos [VERKSTED].<\/p>\n\t\t\t\t\t\t\t\t\t\t\t\t\t<service-arrow><\/service-arrow>\n\t\t\t\t\t\t\t\t\t\t\t\t<\/a>\n\t\t\t\t\t\t\t\t\t\t\t\t\t\t\t\t\t\t\t\t\t\t\t\t\t\t\t\t\t\t<\/service-items>\n\t\t\t\t\t\t\t\t<\/service-category>\n\t\t\t\t\t\t\t\t\n\t\t\t\t\t\t\t\t\t\t\t\t\t\t\t<service-category class=\"bilreparasjon-og-service\" >\n\t\t\t\t\t\t\t\t\t<h3>Bilreparasjon og service<\/h3>\n\t\t\t\t\t\t\t\t\t<service-items>\n\t\t\t\t\t\t\t\t\t\t\t\t\t\t\t\t\t\t\t\t\t\t\t\t\t\t\t\t\t\t\t\t\t<a href=\"https:\/\/admin.boschcarservice.no\/norwegian\/service\/bilglass\/\" class=\"service-item\">\n\t\t\t\t\t\t\t\t\t\t\t\t\t<h4>Bilglass<\/h4>\n\t\t\t\t\t\t\t\t\t\t\t\t\t<p>Bilens vinduer er avgj\u00f8rende for sikkerheten, og selv den minste riper kan f\u00e5 alvorlige konsekvenser. Av denne grunn b\u00f8r v\u00e5re eksperter umiddelbart reparere skader for\u00e5rsaket av steinsprut. Hvis det er n\u00f8dvendig, vil [VERKSTED] installere et helt nytt vindu &#8211; p\u00e5 en profesjonell og n\u00f8yaktig m\u00e5te.<\/p>\n\t\t\t\t\t\t\t\t\t\t\t\t\t<service-arrow><\/service-arrow>\n\t\t\t\t\t\t\t\t\t\t\t\t<\/a>\n\t\t\t\t\t\t\t\t\t\t\t\t\t\t\t\t\t\t\t\t\t\t\t<a href=\"https:\/\/admin.boschcarservice.no\/norwegian\/service\/bilreparasjon-og-service\/\" class=\"service-item\">\n\t\t\t\t\t\t\t\t\t\t\t\t\t<h4>Bilreparasjon og service<\/h4>\n\t\t\t\t\t\t\t\t\t\t\t\t\t<p>Stol p\u00e5 [VERKSTED] med dine bilreparasjoner eller servicebehov og nyt fordelene ved \u00e5 ha en f\u00f8rsteklasses tjenesteleverand\u00f8r.<\/p>\n\t\t\t\t\t\t\t\t\t\t\t\t\t<service-arrow><\/service-arrow>\n\t\t\t\t\t\t\t\t\t\t\t\t<\/a>\n\t\t\t\t\t\t\t\t\t\t\t\t\t\t\t\t\t\t\t\t\t\t\t<a href=\"https:\/\/admin.boschcarservice.no\/norwegian\/service\/bilservice\/\" class=\"service-item\">\n\t\t\t\t\t\t\t\t\t\t\t\t\t<h4>Bilservice<\/h4>\n\t\t\t\t\t\t\t\t\t\t\t\t\t<p>[VERKSTED] kan utf\u00f8re profesjonell service og vedlikeholdsarbeid uten tap av produsentgaranti.<\/p>\n\t\t\t\t\t\t\t\t\t\t\t\t\t<service-arrow><\/service-arrow>\n\t\t\t\t\t\t\t\t\t\t\t\t<\/a>\n\t\t\t\t\t\t\t\t\t\t\t\t\t\t\t\t\t\t\t\t\t\t\t\t\t\t\t\t\t\t<\/service-items>\n\t\t\t\t\t\t\t\t<\/service-category>\n\t\t\t\t\t\t\t\t\n\t\t\t\t\t\t\t\t\t\t\t\t\t\t\t\t\t\t<\/service-list>\n\t\t\t\t<\/right-column>\n\t\t\t\t\n\t\t\t<\/service-list-block>\n\t\t<\/div>\n\t\t\n\t\t\n\n\n<div style=\"height:80px\" aria-hidden=\"true\" class=\"wp-block-spacer\"><\/div>\n","protected":false},"excerpt":{"rendered":"<p>V\u00e5re tjenester [VERKSTED] tilbyr et bredt spekter av tjenester for bilen din. Klikk nedenfor for mer informasjon.<\/p>\n","protected":false},"author":1,"featured_media":0,"parent":0,"menu_order":2,"comment_status":"closed","ping_status":"closed","template":"","meta":{"_acf_changed":false,"_hide_from_nav_menu":false,"_show_duplicate_in_nav_menu_dropdown":false,"footnotes":""},"class_list":["post-1394","page","type-page","status-publish","hentry"],"acf":[],"_links":{"self":[{"href":"https:\/\/admin.boschcarservice.no\/norwegian\/wp-json\/wp\/v2\/pages\/1394","targetHints":{"allow":["GET"]}}],"collection":[{"href":"https:\/\/admin.boschcarservice.no\/norwegian\/wp-json\/wp\/v2\/pages"}],"about":[{"href":"https:\/\/admin.boschcarservice.no\/norwegian\/wp-json\/wp\/v2\/types\/page"}],"author":[{"embeddable":true,"href":"https:\/\/admin.boschcarservice.no\/norwegian\/wp-json\/wp\/v2\/users\/1"}],"replies":[{"embeddable":true,"href":"https:\/\/admin.boschcarservice.no\/norwegian\/wp-json\/wp\/v2\/comments?post=1394"}],"version-history":[{"count":5,"href":"https:\/\/admin.boschcarservice.no\/norwegian\/wp-json\/wp\/v2\/pages\/1394\/revisions"}],"predecessor-version":[{"id":2596,"href":"https:\/\/admin.boschcarservice.no\/norwegian\/wp-json\/wp\/v2\/pages\/1394\/revisions\/2596"}],"wp:attachment":[{"href":"https:\/\/admin.boschcarservice.no\/norwegian\/wp-json\/wp\/v2\/media?parent=1394"}],"curies":[{"name":"wp","href":"https:\/\/api.w.org\/{rel}","templated":true}]}}