{"id":1438,"date":"2023-03-20T13:47:00","date_gmt":"2023-03-20T12:47:00","guid":{"rendered":"https:\/\/admin.boschcarservice.no\/norwegian\/?page_id=1438"},"modified":"2025-02-06T13:09:49","modified_gmt":"2025-02-06T12:09:49","slug":"om-oss","status":"publish","type":"page","link":"https:\/\/admin.boschcarservice.no\/norwegian\/om-oss\/","title":{"rendered":"Om oss"},"content":{"rendered":"\n<div class=\"wp-block-group alignfull has-global-padding is-layout-constrained wp-block-group-is-layout-constrained\">\n<div class=\"wp-block-cover alignwide\" style=\"min-height:600px;aspect-ratio:unset;\"><span aria-hidden=\"true\" class=\"wp-block-cover__background has-background-dim-20 has-background-dim\"><\/span><img loading=\"lazy\" decoding=\"async\" width=\"1920\" height=\"800\" class=\"wp-block-cover__image-background wp-image-1775\" alt=\"\" src=\"https:\/\/admin.boschcarservice.no\/norwegian\/wp-content\/uploads\/sites\/10\/2023\/03\/bosch-car-service-banner-002.jpg\" data-object-fit=\"cover\" srcset=\"https:\/\/admin.boschcarservice.no\/norwegian\/wp-content\/uploads\/sites\/10\/2023\/03\/bosch-car-service-banner-002.jpg 1920w, https:\/\/admin.boschcarservice.no\/norwegian\/wp-content\/uploads\/sites\/10\/2023\/03\/bosch-car-service-banner-002-300x125.jpg 300w, https:\/\/admin.boschcarservice.no\/norwegian\/wp-content\/uploads\/sites\/10\/2023\/03\/bosch-car-service-banner-002-1024x427.jpg 1024w, https:\/\/admin.boschcarservice.no\/norwegian\/wp-content\/uploads\/sites\/10\/2023\/03\/bosch-car-service-banner-002-768x320.jpg 768w, https:\/\/admin.boschcarservice.no\/norwegian\/wp-content\/uploads\/sites\/10\/2023\/03\/bosch-car-service-banner-002-1536x640.jpg 1536w\" sizes=\"auto, (max-width: 1920px) 100vw, 1920px\" \/><div class=\"wp-block-cover__inner-container is-layout-flow wp-block-cover-is-layout-flow\">\n<div class=\"wp-block-group has-global-padding is-layout-constrained wp-container-core-group-is-layout-3 wp-block-group-is-layout-constrained\">\n<div class=\"wp-block-group has-global-padding is-content-justification-left is-layout-constrained wp-container-core-group-is-layout-2 wp-block-group-is-layout-constrained\" style=\"padding-top:var(--wp--preset--spacing--40);padding-right:var(--wp--preset--spacing--40);padding-bottom:var(--wp--preset--spacing--40);padding-left:var(--wp--preset--spacing--40)\">\n<div class=\"wp-block-group has-dark-blue-background-color has-background has-global-padding is-layout-constrained wp-container-core-group-is-layout-1 wp-block-group-is-layout-constrained\" style=\"padding-top:var(--wp--preset--spacing--40);padding-right:var(--wp--preset--spacing--40);padding-bottom:var(--wp--preset--spacing--40);padding-left:var(--wp--preset--spacing--40)\">\n<h1 class=\"wp-block-heading has-white-color has-text-color has-link-color has-h-1-font-size wp-elements-e3309dfab70a37cbb4987a26f4f37076\">Om oss<\/h1>\n<\/div>\n<\/div>\n<\/div>\n<\/div><\/div>\n<\/div>\n\n\n\n<div style=\"height:40px\" aria-hidden=\"true\" class=\"wp-block-spacer\"><\/div>\n\n\n\n<div class=\"wp-block-columns is-layout-flex wp-container-core-columns-is-layout-1 wp-block-columns-is-layout-flex\">\n<div class=\"wp-block-column is-layout-flow wp-block-column-is-layout-flow\" style=\"flex-basis:60%\">\n<h2 class=\"wp-block-heading\">Velkommen til [Verkstednavn]<\/h2>\n\n\n\n<p>Vi er alltid klare til \u00e5 hjelpe deg. Hvis du ikke kan n\u00e5 oss i v\u00e5re \u00e5pningstider, oppfordrer vi deg til \u00e5 sende oss en melding eller bestille time direkte online.<\/p>\n\n\n\t\t<div class=\"wp-block-hoyry-bosch-contact-info-address\">\n\t\t\t<contact-info-address-block>\n\t\t\t\t\t\t\t\t<address-content>Gateadresse 123<br \/>\r\nPostnummer Poststed<\/address-content>\n\t\t\t<\/contact-info-address-block>\n\t\t<\/div>\n\t\t<\/div>\n\n\n\n<div class=\"wp-block-column is-layout-flow wp-container-core-column-is-layout-2 wp-block-column-is-layout-flow\" style=\"flex-basis:40%\">\t\t<div class=\"wp-block-hoyry-bosch-contact-info-opening-hours\">\n\t\t\t<contact-info-opening-hours-block>\n\t\t\t\t<opening-hours-title><h6>Vi er \u00e5pne<\/h6><\/opening-hours-title>\t\t\t\t<opening-hours-table>\n\t\t\t\t\t\t\t\t\t\t\t<opening-hours-row>\n\t\t\t\t\t\t\t<opening-hours-weekdays>Mandag-Fredag<\/opening-hours-weekdays>\n\t\t\t\t\t\t\t<opening-hours-times>8:00-16:00<\/opening-hours-times>\n\t\t\t\t\t\t<\/opening-hours-row>\n\t\t\t\t\t\t\t\t\t\t\t<opening-hours-row>\n\t\t\t\t\t\t\t<opening-hours-weekdays>L\u00f8rdag<\/opening-hours-weekdays>\n\t\t\t\t\t\t\t<opening-hours-times>10:00-15:00<\/opening-hours-times>\n\t\t\t\t\t\t<\/opening-hours-row>\n\t\t\t\t\t\t\t\t\t<\/opening-hours-table>\n\t\t\t<\/contact-info-opening-hours-block>\n\t\t<\/div>\n\t\t\n\n\t\t<div class=\"wp-block-hoyry-bosch-contact-info-phone-and-book-online-buttons\">\n\t\t\t<contact-info-phone-and-book-online-buttons-block>\n\t\t\t\t\t\t\t\t<phone-and-book-online-buttons-content>\n\t\t\t\t\t\t\t\t\t\t\t<phone-button>\n\t\t\t\t\t\t\t<div class=\"wp-block-button is-style-hoyry-button-outline\">\n\t\t\t\t\t\t\t\t<a class=\"wp-block-button__link wp-element-button\" href=\"tel:98765432\">987 65 432<\/a>\n\t\t\t\t\t\t\t<\/div>\n\t\t\t\t\t\t<\/phone-button>\n\t\t\t\t\t\t\t\t\t\t\t\t\t\t\t\t<book-online-button>\n\t\t\t\t\t\t\t<div class=\"wp-block-button is-style-hoyry-button-default\">\n\t\t\t\t\t\t\t\t<a class=\"wp-block-button__link wp-element-button\" href=\"\/online-booking\">Bestill n\u00e5<\/a>\n\t\t\t\t\t\t\t<\/div>\n\t\t\t\t\t\t<\/book-online-button>\n\t\t\t\t\t\t\t\t\t<\/phone-and-book-online-buttons-content>\n\t\t\t<\/contact-info-phone-and-book-online-buttons-block>\n\t\t<\/div>\n\t\t<\/div>\n<\/div>\n\n\n\n<div style=\"height:60px\" aria-hidden=\"true\" class=\"wp-block-spacer\"><\/div>\n\n\n\n<div class=\"wp-block-columns is-layout-flex wp-container-core-columns-is-layout-2 wp-block-columns-is-layout-flex\">\n<div class=\"wp-block-column is-layout-flow wp-block-column-is-layout-flow\">\n<h2 class=\"wp-block-heading\">For everything your car needs<\/h2>\n\n\n\n<p>Vi er forpliktet til \u00e5 gi deg den best mulige opplevelsen n\u00e5r du bes\u00f8ker oss. Vi lytter til det du har \u00e5 si, og pr\u00f8ver alltid \u00e5 finne den beste l\u00f8sningen for dine behov.<\/p>\n<\/div>\n\n\n\n<div class=\"wp-block-column is-layout-flow wp-block-column-is-layout-flow\">\n<div class=\"wp-block-hoyry-styled-list is-style-hoyry-styled-list-checkmark\">\n<div class=\"wp-block-hoyry-styled-list-item\"><span class=\"marker\"><\/span><p>Etablert i [\u00c5r]<\/p><\/div>\n\n\n\n<div class=\"wp-block-hoyry-styled-list-item\"><span class=\"marker\"><\/span><p>Utmerket kvalitet<\/p><\/div>\n\n\n\n<div class=\"wp-block-hoyry-styled-list-item\"><span class=\"marker\"><\/span><p>Personlig og engasjert<\/p><\/div>\n\n\n\n<div class=\"wp-block-hoyry-styled-list-item\"><span class=\"marker\"><\/span><p>Rettferdig og rimelig<\/p><\/div>\n<\/div>\n<\/div>\n<\/div>\n\n\n\n<div style=\"height:60px\" aria-hidden=\"true\" class=\"wp-block-spacer\"><\/div>\n\n\n\n<div class=\"wp-block-group alignfull has-global-padding is-layout-constrained wp-block-group-is-layout-constrained\">\n<div class=\"wp-block-cover alignwide\" style=\"min-height:600px;aspect-ratio:unset;\"><span aria-hidden=\"true\" class=\"wp-block-cover__background has-background-dim-20 has-background-dim\"><\/span><img loading=\"lazy\" decoding=\"async\" width=\"1400\" height=\"860\" class=\"wp-block-cover__image-background wp-image-1644\" alt=\"\" src=\"https:\/\/admin.boschcarservice.no\/norwegian\/wp-content\/uploads\/sites\/10\/2023\/03\/bosch-car-service-crew-001.jpg\" style=\"object-position:50% 35%\" data-object-fit=\"cover\" data-object-position=\"50% 35%\" srcset=\"https:\/\/admin.boschcarservice.no\/norwegian\/wp-content\/uploads\/sites\/10\/2023\/03\/bosch-car-service-crew-001.jpg 1400w, https:\/\/admin.boschcarservice.no\/norwegian\/wp-content\/uploads\/sites\/10\/2023\/03\/bosch-car-service-crew-001-300x184.jpg 300w, https:\/\/admin.boschcarservice.no\/norwegian\/wp-content\/uploads\/sites\/10\/2023\/03\/bosch-car-service-crew-001-1024x629.jpg 1024w, https:\/\/admin.boschcarservice.no\/norwegian\/wp-content\/uploads\/sites\/10\/2023\/03\/bosch-car-service-crew-001-768x472.jpg 768w\" sizes=\"auto, (max-width: 1400px) 100vw, 1400px\" \/><div class=\"wp-block-cover__inner-container is-layout-flow wp-block-cover-is-layout-flow\">\n<div class=\"wp-block-group has-global-padding is-layout-constrained wp-container-core-group-is-layout-7 wp-block-group-is-layout-constrained\">\n<div class=\"wp-block-group has-global-padding is-content-justification-left is-layout-constrained wp-container-core-group-is-layout-6 wp-block-group-is-layout-constrained\" style=\"padding-top:var(--wp--preset--spacing--40);padding-right:var(--wp--preset--spacing--40);padding-bottom:var(--wp--preset--spacing--40);padding-left:var(--wp--preset--spacing--40)\">\n<div class=\"wp-block-group has-white-background-color has-background has-global-padding is-layout-constrained wp-container-core-group-is-layout-5 wp-block-group-is-layout-constrained\" style=\"padding-top:var(--wp--preset--spacing--40);padding-right:var(--wp--preset--spacing--40);padding-bottom:var(--wp--preset--spacing--40);padding-left:var(--wp--preset--spacing--40)\">\n<h3 class=\"wp-block-heading has-dark-blue-2-color has-text-color\"><strong>[Verkstedets navn] &#8211; Hvem er vi<\/strong>?<\/h3>\n<\/div>\n<\/div>\n<\/div>\n<\/div><\/div>\n<\/div>\n\n\n\n<div style=\"height:40px\" aria-hidden=\"true\" class=\"wp-block-spacer\"><\/div>\n\n\n\n<h2 class=\"wp-block-heading\">M\u00f8t oss<\/h2>\n\n\n\n<div class=\"wp-block-columns is-layout-flex wp-container-core-columns-is-layout-3 wp-block-columns-is-layout-flex\">\n<div class=\"wp-block-column is-layout-flow wp-block-column-is-layout-flow\">\n<div class=\"wp-block-hoyry-person\"><person-block><person-image><person-image-icon><img decoding=\"async\" src=\"https:\/\/admin.boschcarservice.no\/norwegian\/wp-content\/plugins\/hoyry-person-block\/assets\/person.svg\"\/><\/person-image-icon><\/person-image><person-content><person-name><h3>Employee name<\/h3><\/person-name><person-title><p>Job title<\/p><\/person-title><person-contact-info><person-email><p><a href=\"mailto:name@boschcarservice.com\">name@boschcarservice.com<\/a><\/p><\/person-email><person-phone><p><a href=\"tel:0101234567\">010 123 4567<\/a><\/p><\/person-phone><\/person-contact-info><\/person-content><\/person-block><\/div>\n<\/div>\n\n\n\n<div class=\"wp-block-column is-layout-flow wp-block-column-is-layout-flow\">\n<div class=\"wp-block-hoyry-person\"><person-block><person-image><person-image-icon><img decoding=\"async\" src=\"https:\/\/admin.boschcarservice.no\/norwegian\/wp-content\/plugins\/hoyry-person-block\/assets\/person.svg\"\/><\/person-image-icon><\/person-image><person-content><person-name><h3>Employee name<\/h3><\/person-name><person-title><p>Job title<\/p><\/person-title><person-contact-info><person-email><p><a href=\"mailto:name@boschcarservice.com\">name@boschcarservice.com<\/a><\/p><\/person-email><person-phone><p><a href=\"tel:0101234567\">010 123 4567<\/a><\/p><\/person-phone><\/person-contact-info><\/person-content><\/person-block><\/div>\n<\/div>\n\n\n\n<div class=\"wp-block-column is-layout-flow wp-block-column-is-layout-flow\">\n<div class=\"wp-block-hoyry-person\"><person-block><person-image><person-image-icon><img decoding=\"async\" src=\"https:\/\/admin.boschcarservice.no\/norwegian\/wp-content\/plugins\/hoyry-person-block\/assets\/person.svg\"\/><\/person-image-icon><\/person-image><person-content><person-name><h3>Employee name<\/h3><\/person-name><person-title><p>Job title<\/p><\/person-title><person-contact-info><person-email><p><a href=\"mailto:name@boschcarservice.com\">name@boschcarservice.com<\/a><\/p><\/person-email><person-phone><p><a href=\"tel:0101234567\">010 123 4567<\/a><\/p><\/person-phone><\/person-contact-info><\/person-content><\/person-block><\/div>\n<\/div>\n\n\n\n<div class=\"wp-block-column is-layout-flow wp-block-column-is-layout-flow\">\n<div class=\"wp-block-hoyry-person\"><person-block><person-image><person-image-icon><img decoding=\"async\" src=\"https:\/\/admin.boschcarservice.no\/norwegian\/wp-content\/plugins\/hoyry-person-block\/assets\/person.svg\"\/><\/person-image-icon><\/person-image><person-content><person-name><h3>Employee name<\/h3><\/person-name><person-title><p>Job title<\/p><\/person-title><person-contact-info><person-email><p><a href=\"mailto:name@boschcarservice.com\">name@boschcarservice.com<\/a><\/p><\/person-email><person-phone><p><a href=\"tel:0101234567\">010 123 4567<\/a><\/p><\/person-phone><\/person-contact-info><\/person-content><\/person-block><\/div>\n<\/div>\n<\/div>\n\n\n\n<div style=\"height:50px\" aria-hidden=\"true\" class=\"wp-block-spacer\"><\/div>\n\n\n\n<div class=\"wp-block-media-text alignwide has-media-on-the-right is-stacked-on-mobile\"><div class=\"wp-block-media-text__content\">\n<h3 class=\"wp-block-heading\">Vil du bli med oss?<\/h3>\n\n\n\n<p>Vi oppfordrer alltid til \u00e5 sende en \u00e5pen s\u00f8knad, da vi alltid er p\u00e5 utkikk etter dyktige kolleger som \u00f8nsker \u00e5 bli en del av v\u00e5rt team. Finn v\u00e5re ledige stillinger her.<\/p>\n\n\n\n<div class=\"wp-block-buttons is-layout-flex wp-block-buttons-is-layout-flex\">\n<div class=\"wp-block-button is-style-hoyry-button-outline\"><a class=\"wp-block-button__link wp-element-button\" href=\"https:\/\/admin.boschcarservice.no\/norwegian\/om-oss\/ledige-stillinger\/\">Les mer<\/a><\/div>\n<\/div>\n<\/div><figure class=\"wp-block-media-text__media\"><img loading=\"lazy\" decoding=\"async\" width=\"1024\" height=\"576\" src=\"https:\/\/admin.boschcarservice.no\/norwegian\/wp-content\/uploads\/sites\/10\/2023\/03\/carrepairservice91351-1024x576.jpg\" alt=\"\" class=\"wp-image-1766 size-full\" srcset=\"https:\/\/admin.boschcarservice.no\/norwegian\/wp-content\/uploads\/sites\/10\/2023\/03\/carrepairservice91351-1024x576.jpg 1024w, https:\/\/admin.boschcarservice.no\/norwegian\/wp-content\/uploads\/sites\/10\/2023\/03\/carrepairservice91351-300x169.jpg 300w, https:\/\/admin.boschcarservice.no\/norwegian\/wp-content\/uploads\/sites\/10\/2023\/03\/carrepairservice91351-768x432.jpg 768w, https:\/\/admin.boschcarservice.no\/norwegian\/wp-content\/uploads\/sites\/10\/2023\/03\/carrepairservice91351-1536x864.jpg 1536w, https:\/\/admin.boschcarservice.no\/norwegian\/wp-content\/uploads\/sites\/10\/2023\/03\/carrepairservice91351-2048x1152.jpg 2048w\" sizes=\"auto, (max-width: 1024px) 100vw, 1024px\" \/><\/figure><\/div>\n\n\n\n<div class=\"wp-block-media-text alignwide is-stacked-on-mobile\" style=\"margin-top:0\"><figure class=\"wp-block-media-text__media\"><img loading=\"lazy\" decoding=\"async\" width=\"1024\" height=\"620\" src=\"https:\/\/admin.boschcarservice.no\/norwegian\/wp-content\/uploads\/sites\/10\/2023\/03\/bcsworkshopjohndoeoutdoor89823-1024x620.jpg\" alt=\"\" class=\"wp-image-1773 size-full\" srcset=\"https:\/\/admin.boschcarservice.no\/norwegian\/wp-content\/uploads\/sites\/10\/2023\/03\/bcsworkshopjohndoeoutdoor89823-1024x620.jpg 1024w, https:\/\/admin.boschcarservice.no\/norwegian\/wp-content\/uploads\/sites\/10\/2023\/03\/bcsworkshopjohndoeoutdoor89823-300x182.jpg 300w, https:\/\/admin.boschcarservice.no\/norwegian\/wp-content\/uploads\/sites\/10\/2023\/03\/bcsworkshopjohndoeoutdoor89823-768x465.jpg 768w, https:\/\/admin.boschcarservice.no\/norwegian\/wp-content\/uploads\/sites\/10\/2023\/03\/bcsworkshopjohndoeoutdoor89823-1536x930.jpg 1536w, https:\/\/admin.boschcarservice.no\/norwegian\/wp-content\/uploads\/sites\/10\/2023\/03\/bcsworkshopjohndoeoutdoor89823-2048x1240.jpg 2048w\" sizes=\"auto, (max-width: 1024px) 100vw, 1024px\" \/><\/figure><div class=\"wp-block-media-text__content\">\n<h3 class=\"wp-block-heading\">Vi er en del av Bosch Car Service-nettverket<\/h3>\n\n\n\n<p>Som en del av det verdensomspennende nettverket med over 15 000 verksteder i 150 land, drar vi nytte av kunnskap, teknisk oppl\u00e6ring, diagnostisk utstyr og reservedeler direkte fra Bosch &#8211; en av de ledende leverand\u00f8rene til bilindustrien.<\/p>\n<\/div><\/div>\n\n\n\n<div style=\"height:80px\" aria-hidden=\"true\" class=\"wp-block-spacer\"><\/div>\n\n\n\n<h2 class=\"wp-block-heading\">Verkstedpartnere<\/h2>\n\n\n\n<div class=\"wp-block-columns is-layout-flex wp-container-core-columns-is-layout-4 wp-block-columns-is-layout-flex\">\n<div class=\"wp-block-column is-layout-flow wp-block-column-is-layout-flow\" style=\"padding-top:var(--wp--preset--spacing--20);padding-right:var(--wp--preset--spacing--20);padding-bottom:var(--wp--preset--spacing--20);padding-left:var(--wp--preset--spacing--20)\">\n<figure class=\"wp-block-image size-full\"><img loading=\"lazy\" decoding=\"async\" width=\"512\" height=\"512\" src=\"https:\/\/admin.boschcarservice.no\/norwegian\/wp-content\/uploads\/sites\/10\/2023\/03\/bosch-car-service-logo.png\" alt=\"\" class=\"wp-image-1290\" srcset=\"https:\/\/admin.boschcarservice.no\/norwegian\/wp-content\/uploads\/sites\/10\/2023\/03\/bosch-car-service-logo.png 512w, https:\/\/admin.boschcarservice.no\/norwegian\/wp-content\/uploads\/sites\/10\/2023\/03\/bosch-car-service-logo-300x300.png 300w, https:\/\/admin.boschcarservice.no\/norwegian\/wp-content\/uploads\/sites\/10\/2023\/03\/bosch-car-service-logo-150x150.png 150w\" sizes=\"auto, (max-width: 512px) 100vw, 512px\" \/><\/figure>\n<\/div>\n\n\n\n<div class=\"wp-block-column is-layout-flow wp-block-column-is-layout-flow\" style=\"padding-top:var(--wp--preset--spacing--20);padding-right:var(--wp--preset--spacing--20);padding-bottom:var(--wp--preset--spacing--20);padding-left:var(--wp--preset--spacing--20)\">\n<figure class=\"wp-block-image size-full\"><img loading=\"lazy\" decoding=\"async\" width=\"512\" height=\"512\" src=\"https:\/\/admin.boschcarservice.no\/norwegian\/wp-content\/uploads\/sites\/10\/2023\/03\/bosch-car-service-logo.png\" alt=\"\" class=\"wp-image-1290\" srcset=\"https:\/\/admin.boschcarservice.no\/norwegian\/wp-content\/uploads\/sites\/10\/2023\/03\/bosch-car-service-logo.png 512w, https:\/\/admin.boschcarservice.no\/norwegian\/wp-content\/uploads\/sites\/10\/2023\/03\/bosch-car-service-logo-300x300.png 300w, https:\/\/admin.boschcarservice.no\/norwegian\/wp-content\/uploads\/sites\/10\/2023\/03\/bosch-car-service-logo-150x150.png 150w\" sizes=\"auto, (max-width: 512px) 100vw, 512px\" \/><\/figure>\n<\/div>\n\n\n\n<div class=\"wp-block-column is-layout-flow wp-block-column-is-layout-flow\" style=\"padding-top:var(--wp--preset--spacing--20);padding-right:var(--wp--preset--spacing--20);padding-bottom:var(--wp--preset--spacing--20);padding-left:var(--wp--preset--spacing--20)\">\n<figure class=\"wp-block-image size-full\"><img loading=\"lazy\" decoding=\"async\" width=\"512\" height=\"512\" src=\"https:\/\/admin.boschcarservice.no\/norwegian\/wp-content\/uploads\/sites\/10\/2023\/03\/bosch-car-service-logo.png\" alt=\"\" class=\"wp-image-1290\" srcset=\"https:\/\/admin.boschcarservice.no\/norwegian\/wp-content\/uploads\/sites\/10\/2023\/03\/bosch-car-service-logo.png 512w, https:\/\/admin.boschcarservice.no\/norwegian\/wp-content\/uploads\/sites\/10\/2023\/03\/bosch-car-service-logo-300x300.png 300w, https:\/\/admin.boschcarservice.no\/norwegian\/wp-content\/uploads\/sites\/10\/2023\/03\/bosch-car-service-logo-150x150.png 150w\" sizes=\"auto, (max-width: 512px) 100vw, 512px\" \/><\/figure>\n<\/div>\n\n\n\n<div class=\"wp-block-column is-layout-flow wp-block-column-is-layout-flow\" style=\"padding-top:var(--wp--preset--spacing--20);padding-right:var(--wp--preset--spacing--20);padding-bottom:var(--wp--preset--spacing--20);padding-left:var(--wp--preset--spacing--20)\">\n<figure class=\"wp-block-image size-full\"><img loading=\"lazy\" decoding=\"async\" width=\"512\" height=\"512\" src=\"https:\/\/admin.boschcarservice.no\/norwegian\/wp-content\/uploads\/sites\/10\/2023\/03\/bosch-car-service-logo.png\" alt=\"\" class=\"wp-image-1290\" srcset=\"https:\/\/admin.boschcarservice.no\/norwegian\/wp-content\/uploads\/sites\/10\/2023\/03\/bosch-car-service-logo.png 512w, https:\/\/admin.boschcarservice.no\/norwegian\/wp-content\/uploads\/sites\/10\/2023\/03\/bosch-car-service-logo-300x300.png 300w, https:\/\/admin.boschcarservice.no\/norwegian\/wp-content\/uploads\/sites\/10\/2023\/03\/bosch-car-service-logo-150x150.png 150w\" sizes=\"auto, (max-width: 512px) 100vw, 512px\" \/><\/figure>\n<\/div>\n<\/div>\n\n\n\n<div style=\"height:80px\" aria-hidden=\"true\" class=\"wp-block-spacer\"><\/div>\n","protected":false},"excerpt":{"rendered":"<p>Velkommen til [Verkstednavn] Vi er alltid klare til \u00e5 hjelpe deg. Hvis du ikke kan n\u00e5 oss i v\u00e5re \u00e5pningstider, oppfordrer vi deg til \u00e5 sende oss en melding eller bestille time direkte online. For everything your car needs Vi er forpliktet til \u00e5 gi deg den best mulige opplevelsen n\u00e5r du bes\u00f8ker oss. Vi [&hellip;]<\/p>\n","protected":false},"author":1,"featured_media":0,"parent":0,"menu_order":4,"comment_status":"closed","ping_status":"closed","template":"","meta":{"_acf_changed":false,"_hide_from_nav_menu":false,"_show_duplicate_in_nav_menu_dropdown":false,"footnotes":""},"class_list":["post-1438","page","type-page","status-publish","hentry"],"acf":[],"_links":{"self":[{"href":"https:\/\/admin.boschcarservice.no\/norwegian\/wp-json\/wp\/v2\/pages\/1438","targetHints":{"allow":["GET"]}}],"collection":[{"href":"https:\/\/admin.boschcarservice.no\/norwegian\/wp-json\/wp\/v2\/pages"}],"about":[{"href":"https:\/\/admin.boschcarservice.no\/norwegian\/wp-json\/wp\/v2\/types\/page"}],"author":[{"embeddable":true,"href":"https:\/\/admin.boschcarservice.no\/norwegian\/wp-json\/wp\/v2\/users\/1"}],"replies":[{"embeddable":true,"href":"https:\/\/admin.boschcarservice.no\/norwegian\/wp-json\/wp\/v2\/comments?post=1438"}],"version-history":[{"count":6,"href":"https:\/\/admin.boschcarservice.no\/norwegian\/wp-json\/wp\/v2\/pages\/1438\/revisions"}],"predecessor-version":[{"id":2695,"href":"https:\/\/admin.boschcarservice.no\/norwegian\/wp-json\/wp\/v2\/pages\/1438\/revisions\/2695"}],"wp:attachment":[{"href":"https:\/\/admin.boschcarservice.no\/norwegian\/wp-json\/wp\/v2\/media?parent=1438"}],"curies":[{"name":"wp","href":"https:\/\/api.w.org\/{rel}","templated":true}]}}