{"id":1440,"date":"2023-03-20T13:47:09","date_gmt":"2023-03-20T12:47:09","guid":{"rendered":"https:\/\/admin.boschcarservice.no\/norwegian\/?page_id=1440"},"modified":"2024-06-17T13:01:24","modified_gmt":"2024-06-17T11:01:24","slug":"kontakt-oss","status":"publish","type":"page","link":"https:\/\/admin.boschcarservice.no\/norwegian\/kontakt-oss\/","title":{"rendered":"Kontakt oss"},"content":{"rendered":"\n<div style=\"height:60px\" aria-hidden=\"true\" class=\"wp-block-spacer\"><\/div>\n\n\n\n<h1 class=\"wp-block-heading\">Kontakt oss<\/h1>\n\n\n\n<div class=\"wp-block-columns is-layout-flex wp-container-core-columns-is-layout-1 wp-block-columns-is-layout-flex\">\n<div class=\"wp-block-column is-layout-flow wp-block-column-is-layout-flow\"><div class='fluentform ff-default fluentform_wrapper_5  ff_guten_block ffs_default_wrap'><form data-form_id=\"5\" id=\"fluentform_5\" class=\"frm-fluent-form fluent_form_5 ff-el-form-top ff_form_instance_5_1 ff-form-loading ff_has_v3_recptcha ffs_default\" data-form_instance=\"ff_form_instance_5_1\" method=\"POST\" data-recptcha_key=\"6LdnQsQpAAAAAJFHCGNcX1kLWVDJMNb9_i-KPR5k\" ><fieldset  style=\"border: none!important;margin: 0!important;padding: 0!important;background-color: transparent!important;box-shadow: none!important;outline: none!important; min-inline-size: 100%;\">\n                    <legend class=\"ff_screen_reader_title\" style=\"display: block; margin: 0!important;padding: 0!important;height: 0!important;text-indent: -999999px;width: 0!important;overflow:hidden;\">Contact Form<\/legend><input type='hidden' name='__fluent_form_embded_post_id' value='1440' \/><input type=\"hidden\" id=\"_fluentform_5_fluentformnonce\" name=\"_fluentform_5_fluentformnonce\" value=\"57d7b911e8\" \/><input type=\"hidden\" name=\"_wp_http_referer\" value=\"\/norwegian\/wp-json\/wp\/v2\/pages\/1440\" \/><div class='ff-el-group'><div class=\"ff-el-input--label asterisk-right\"><label for='ff_5_dropdown' aria-label=\"Emne\">Emne<\/label><\/div><div class='ff-el-input--content'><select name=\"dropdown\" id=\"ff_5_dropdown\" class=\"ff-el-form-control\" data-name=\"dropdown\" data-calc_value=\"0\"  aria-invalid=\"false\" aria-required=false><option value=\"\">Velg emne<\/option><option value=\"Tilbud\"  >Tilbud<\/option><option value=\"Jobb\"  >Jobb<\/option><option value=\"Annet\"  >Annet<\/option><\/select><\/div><\/div><div data-name=\"ff_cn_id_1\"  class='ff-t-container ff-column-container ff_columns_total_2  '><div class='ff-t-cell ff-t-column-1' style='flex-basis: 50%;'><div class='ff-el-group'><div class=\"ff-el-input--label ff-el-is-required asterisk-right\"><label for='ff_5_input_text_3' aria-label=\"Fornavn\">Fornavn<\/label><\/div><div class='ff-el-input--content'><input type=\"text\" name=\"input_text_3\" class=\"ff-el-form-control\" placeholder=\"Fornavn\" data-name=\"input_text_3\" id=\"ff_5_input_text_3\"  aria-invalid=\"false\" aria-required=true><\/div><\/div><\/div><div class='ff-t-cell ff-t-column-2' style='flex-basis: 50%;'><div class='ff-el-group'><div class=\"ff-el-input--label asterisk-right\"><label for='ff_5_input_text_4' aria-label=\"Etternavn\">Etternavn<\/label><\/div><div class='ff-el-input--content'><input type=\"text\" name=\"input_text_4\" class=\"ff-el-form-control\" placeholder=\"Etternavn\" data-name=\"input_text_4\" id=\"ff_5_input_text_4\"  aria-invalid=\"false\" aria-required=false><\/div><\/div><\/div><\/div><div data-name=\"ff_cn_id_2\"  class='ff-t-container ff-column-container ff_columns_total_2  '><div class='ff-t-cell ff-t-column-1' style='flex-basis: 50%;'><div class='ff-el-group'><div class=\"ff-el-input--label ff-el-is-required asterisk-right\"><label for='ff_5_email' aria-label=\"E-post\">E-post<\/label><\/div><div class='ff-el-input--content'><input type=\"email\" name=\"email\" id=\"ff_5_email\" class=\"ff-el-form-control\" placeholder=\"Epostadresse\" data-name=\"email\"  aria-invalid=\"false\" aria-required=true><\/div><\/div><\/div><div class='ff-t-cell ff-t-column-2' style='flex-basis: 50%;'><div class='ff-el-group'><div class=\"ff-el-input--label asterisk-right\"><label for='ff_5_input_text' aria-label=\"Telefonnummer\">Telefonnummer<\/label><\/div><div class='ff-el-input--content'><input type=\"text\" name=\"input_text\" class=\"ff-el-form-control\" placeholder=\"Telefonnummer\" data-name=\"input_text\" id=\"ff_5_input_text\"  aria-invalid=\"false\" aria-required=false><\/div><\/div><\/div><\/div><div data-name=\"ff_cn_id_3\"  class='ff-t-container ff-column-container ff_columns_total_2  '><div class='ff-t-cell ff-t-column-1' style='flex-basis: 50%;'><div class='ff-el-group has-conditions'><div class=\"ff-el-input--label asterisk-right\"><label for='ff_5_input_text_1' aria-label=\"Registreringsnummer\">Registreringsnummer<\/label><\/div><div class='ff-el-input--content'><input type=\"text\" name=\"input_text_1\" class=\"ff-el-form-control\" placeholder=\"Registreringsnummer\" data-name=\"input_text_1\" id=\"ff_5_input_text_1\"  aria-invalid=\"false\" aria-required=false><\/div><\/div><\/div><div class='ff-t-cell ff-t-column-2' style='flex-basis: 50%;'><div class='ff-el-group has-conditions'><div class=\"ff-el-input--label asterisk-right\"><label for='ff_5_input_text_2' aria-label=\"Kilometerstand\">Kilometerstand<\/label><\/div><div class='ff-el-input--content'><input type=\"text\" name=\"input_text_2\" class=\"ff-el-form-control\" placeholder=\"Kilometerstand\" data-name=\"input_text_2\" id=\"ff_5_input_text_2\"  aria-invalid=\"false\" aria-required=false><\/div><\/div><\/div><\/div><div class='ff-el-group'><div class=\"ff-el-input--label ff-el-is-required asterisk-right\"><label for='ff_5_message' aria-label=\"Din melding\">Din melding<\/label><\/div><div class='ff-el-input--content'><textarea aria-invalid=\"false\" aria-required=true name=\"message\" id=\"ff_5_message\" class=\"ff-el-form-control\" placeholder=\"Skriv meldingen din her\" rows=\"4\" cols=\"2\" data-name=\"message\" ><\/textarea><\/div><\/div><div class='ff-el-group ff-text-right ff_submit_btn_wrapper'><button type=\"submit\" class=\"ff-btn ff-btn-submit ff-btn-md ff_btn_style\" >Send inn<\/button><\/div><\/fieldset><\/form><div id='fluentform_5_errors' class='ff-errors-in-stack ff_form_instance_5_1 ff-form-loading_errors ff_form_instance_5_1_errors'><\/div><\/div>        <script type=\"text\/javascript\">\n            window.fluent_form_ff_form_instance_5_1 = {\"id\":\"5\",\"settings\":{\"layout\":{\"labelPlacement\":\"top\",\"helpMessagePlacement\":\"with_label\",\"errorMessagePlacement\":\"inline\",\"cssClassName\":\"\",\"asteriskPlacement\":\"asterisk-right\"},\"restrictions\":{\"denyEmptySubmission\":{\"enabled\":false}}},\"form_instance\":\"ff_form_instance_5_1\",\"form_id_selector\":\"fluentform_5\",\"rules\":{\"dropdown\":{\"required\":{\"value\":false,\"message\":\"This field is required\",\"global\":false,\"global_message\":\"This field is required\"}},\"input_text_3\":{\"required\":{\"value\":true,\"message\":\"Dette feltet er obligatorisk\",\"global\":false,\"global_message\":\"This field is required\"}},\"input_text_4\":{\"required\":{\"value\":false,\"message\":\"This field is required\",\"global\":false,\"global_message\":\"This field is required\"}},\"email\":{\"required\":{\"value\":true,\"message\":\"Dette feltet er obligatorisk\",\"global\":false,\"global_message\":\"This field is required\"},\"email\":{\"value\":true,\"message\":\"Dette feltet m\\u00e5 inneholde en gyldig e-post\",\"global\":false,\"global_message\":\"This field must contain a valid email\"}},\"input_text\":{\"required\":{\"value\":false,\"message\":\"This field is required\",\"global\":false,\"global_message\":\"This field is required\"}},\"input_text_1\":{\"required\":{\"value\":false,\"message\":\"This field is required\",\"global\":false,\"global_message\":\"This field is required\"}},\"input_text_2\":{\"required\":{\"value\":false,\"message\":\"This field is required\",\"global\":false,\"global_message\":\"This field is required\"}},\"message\":{\"required\":{\"value\":true,\"message\":\"This field is required\",\"global\":false,\"global_message\":\"This field is required\"}}},\"debounce_time\":300,\"conditionals\":{\"input_text_1\":{\"type\":\"any\",\"status\":true,\"conditions\":[{\"field\":\"dropdown\",\"value\":\"Tilbud\",\"operator\":\"=\"}]},\"input_text_2\":{\"type\":\"any\",\"status\":true,\"conditions\":[{\"field\":\"dropdown\",\"value\":\"Tilbud\",\"operator\":\"=\"}]}}};\n                    <\/script>\n        <\/div>\n\n\n\n<div class=\"wp-block-column is-layout-flow wp-block-column-is-layout-flow\">\n<h4 class=\"wp-block-heading\">Har du et sp\u00f8rsm\u00e5l?<\/h4>\n\n\n\n<h3 class=\"wp-block-heading\" style=\"margin-top:var(--wp--preset--spacing--5)\">Vi hjelper gjerne<\/h3>\n\n\n\n<div class=\"wp-block-hoyry-person\"><person-block><person-image><person-image-icon><img decoding=\"async\" src=\"https:\/\/admin.boschcarservice.no\/norwegian\/wp-content\/plugins\/hoyry-person-block\/assets\/person.svg\"\/><\/person-image-icon><\/person-image><person-content><person-name><h3>Employee name<\/h3><\/person-name><person-title><p>Job title<\/p><\/person-title><person-contact-info><person-email><p>name@workshop.com<\/p><\/person-email><person-phone><p>010 123 4567<\/p><\/person-phone><\/person-contact-info><\/person-content><\/person-block><\/div>\n<\/div>\n<\/div>\n\n\n\n<div style=\"height:60px\" aria-hidden=\"true\" class=\"wp-block-spacer\"><\/div>\n\n\n\t\t<div class=\"wp-block-hoyry-bosch-contact-info-map\">\n\t\t\t<contact-info-map-block>\n\t\t\t\t\n\t\t\t\t<map-content>\n\t\t\t\t\t<address-title><h2>Slik finner du oss<\/h2><\/address-title>\t\t\t\t\t\t\t\t\t\t\t<map-content-address>Gateadresse 123<br \/>\r\nPostnummer Poststed<\/map-content-address>\n\t\t\t\t\t\t\t\t\t\t\t\t\t\t\t\t<map-content-directions><a href=\"https:\/\/www.google.com\/maps\/dir\/\/Hampuri,+Saksa\/@53.5586622,9.7626746,11z\/data=!4m9!4m8!1m0!1m5!1m1!1s0x47b161837e1813b9:0x4263df27bd63aa0!2m2!1d9.9871703!2d53.5488282!3e0\" target=\"_blank\" rel=\"noopener\">Vis veibeskrivelse<\/a><\/map-content-directions>\n\t\t\t\t\t\t\t\t\t\t\t\t\t\t\t\t<map-content-phone><a href=\"tel:98765432\">987 65 432<\/a><\/map-content-phone>\n\t\t\t\t\t\t\t\t\t<\/map-content>\n\t\t\t\t\n\t\t\t\t\t\t\t\t\t<map-map>\n\t\t\t\t\t\t<div class=\"contact-info-map\" id=\"contact-info-map-1\"><\/div>\n\t\t\t\t\t<\/map-map>\n\t\t\t\t\t<script>\n\t\t\t\t\t\t(() => {\n\t\t\t\t\t\t\tmapboxgl.accessToken = 'pk.eyJ1IjoiaG95cnkiLCJhIjoiY2lndGd3em05MDBkd3Zna2xxdGoyMm5ybCJ9.3TXU6Wmm4bFchwj_KLAyRQ';\n\t\t\t\t\t\t\tlet map = new mapboxgl.Map({\n\t\t\t\t\t\t\t\tcontainer: 'contact-info-map-1',\n\t\t\t\t\t\t\t\tstyle: 'mapbox:\/\/styles\/mapbox\/streets-v12',\n\t\t\t\t\t\t\t\tcenter: [10.7389701, 59.9133301],\n\t\t\t\t\t\t\t\tzoom: 9,\n\t\t\t\t\t\t\t\tmaxZoom: 18\n\t\t\t\t\t\t\t});\n\t\t\t\t\t\t\tmap.addControl(new mapboxgl.NavigationControl());\n\t\t\t\t\t\t\tlet popup = new mapboxgl.Popup({\n\t\t\t\t\t\t\t\toffset: {\n\t\t\t\t\t\t\t\t\t'top': [0, 25],\n\t\t\t\t\t\t\t\t\t'top-left': [0, 25],\n\t\t\t\t\t\t\t\t\t'top-right': [0, 25],\n\t\t\t\t\t\t\t\t\t'bottom': [0, -80],\n\t\t\t\t\t\t\t\t\t'bottom-left': [0, -80],\n\t\t\t\t\t\t\t\t\t'bottom-right': [0, -80],\n\t\t\t\t\t\t\t\t\t'left': [25, 0],\n\t\t\t\t\t\t\t\t\t'right': [-25, 0]\n\t\t\t\t\t\t\t\t}\n\t\t\t\t\t\t\t}).setHTML(\n\t\t\t\t\t\t\t\t'<marker-popup-content><marker-popup-title><h4>Workshop name<\/h4><\/marker-popup-title><marker-popup-address>Gateadresse 123<br \/> Postnummer Poststed<\/marker-popup-address><\/marker-popup-content>'\n\t\t\t\t\t\t\t);\n\t\t\t\t\t\t\tlet marker = new mapboxgl.Marker({ color: '#2e6ca8', scale: 1.8 })\n\t\t\t\t\t\t\t\t.setLngLat([10.7389701, 59.9133301])\n\t\t\t\t\t\t\t\t.addTo(map)\n\t\t\t\t\t\t\t\t.setPopup(popup)\n\t\t\t\t\t\t\t\t.togglePopup();\n\t\t\t\t\t\t})();\n\t\t\t\t\t<\/script>\n\t\t\t\t\t\t\t\t\n\t\t\t<\/contact-info-map-block>\n\t\t<\/div>\n\t\t\n\n\n<div class=\"wp-block-group alignfull has-dark-blue-background-color has-background has-global-padding is-layout-constrained wp-container-core-group-is-layout-2 wp-block-group-is-layout-constrained\" style=\"margin-top:var(--wp--preset--spacing--100);padding-top:var(--wp--preset--spacing--140);padding-right:var(--wp--preset--spacing--20-100);padding-bottom:var(--wp--preset--spacing--140);padding-left:var(--wp--preset--spacing--20-100)\">\n<div class=\"wp-block-group has-global-padding is-layout-constrained wp-container-core-group-is-layout-1 wp-block-group-is-layout-constrained\">\n<h2 class=\"wp-block-heading has-text-align-center has-white-color has-text-color\">F\u00f8lg oss p\u00e5 Facebook for \u00e5 l\u00e6re mer om oss!<\/h2>\n\n\n\n<div class=\"wp-block-buttons is-content-justification-center is-layout-flex wp-container-core-buttons-is-layout-1 wp-block-buttons-is-layout-flex\">\n<div class=\"wp-block-button\"><a class=\"wp-block-button__link wp-element-button\" href=\"https:\/\/www.facebook.com\/BoschCarServiceSuomi\/\">Klikk her<\/a><\/div>\n<\/div>\n<\/div>\n<\/div>\n","protected":false},"excerpt":{"rendered":"<p>Kontakt oss Har du et sp\u00f8rsm\u00e5l? Vi hjelper gjerne F\u00f8lg oss p\u00e5 Facebook for \u00e5 l\u00e6re mer om oss!<\/p>\n","protected":false},"author":1,"featured_media":0,"parent":0,"menu_order":6,"comment_status":"closed","ping_status":"closed","template":"","meta":{"_acf_changed":false,"_hide_from_nav_menu":false,"_show_duplicate_in_nav_menu_dropdown":false,"footnotes":""},"class_list":["post-1440","page","type-page","status-publish","hentry"],"acf":[],"_links":{"self":[{"href":"https:\/\/admin.boschcarservice.no\/norwegian\/wp-json\/wp\/v2\/pages\/1440","targetHints":{"allow":["GET"]}}],"collection":[{"href":"https:\/\/admin.boschcarservice.no\/norwegian\/wp-json\/wp\/v2\/pages"}],"about":[{"href":"https:\/\/admin.boschcarservice.no\/norwegian\/wp-json\/wp\/v2\/types\/page"}],"author":[{"embeddable":true,"href":"https:\/\/admin.boschcarservice.no\/norwegian\/wp-json\/wp\/v2\/users\/1"}],"replies":[{"embeddable":true,"href":"https:\/\/admin.boschcarservice.no\/norwegian\/wp-json\/wp\/v2\/comments?post=1440"}],"version-history":[{"count":5,"href":"https:\/\/admin.boschcarservice.no\/norwegian\/wp-json\/wp\/v2\/pages\/1440\/revisions"}],"predecessor-version":[{"id":2615,"href":"https:\/\/admin.boschcarservice.no\/norwegian\/wp-json\/wp\/v2\/pages\/1440\/revisions\/2615"}],"wp:attachment":[{"href":"https:\/\/admin.boschcarservice.no\/norwegian\/wp-json\/wp\/v2\/media?parent=1440"}],"curies":[{"name":"wp","href":"https:\/\/api.w.org\/{rel}","templated":true}]}}