{"id":1461,"date":"2023-03-20T13:57:46","date_gmt":"2023-03-20T12:57:46","guid":{"rendered":"https:\/\/admin.boschcarservice.no\/norwegian\/?page_id=1461"},"modified":"2025-02-06T13:12:09","modified_gmt":"2025-02-06T12:12:09","slug":"ledige-stillinger","status":"publish","type":"page","link":"https:\/\/admin.boschcarservice.no\/norwegian\/om-oss\/ledige-stillinger\/","title":{"rendered":"Ledige stillinger"},"content":{"rendered":"\n<div class=\"wp-block-hoyry-bosch-article-hero alignwide is-style-hoyry-bosch-article-hero-large-image\" style=\"margin-top:var(--wp--preset--spacing--60)\"><article-hero-block><hero-content><h2 class=\"wp-block-post-title\">Ledige stillinger<\/h2>\n\n<div class=\"wp-block-post-excerpt\"><p class=\"wp-block-post-excerpt__excerpt\">Vil du bli med oss? Vi er alltid p\u00e5 jakt etter motiverte og talentfulle personer som \u00f8nsker \u00e5 bli en del av v\u00e5rt team! Vi tilbyr et dynamisk arbeidsmilj\u00f8, hvor du kan utvikle dine ferdigheter gjennom teknisk oppl\u00e6ring direkte hos Bosch.\u00a0\u00a0\u00a0 <\/p><\/div><\/hero-content><hero-image><img decoding=\"async\" src=\"https:\/\/admin.boschcarservice.no\/norwegian\/wp-content\/uploads\/sites\/10\/2023\/08\/bcs-open-positions.jpg\" \/><\/hero-image><\/article-hero-block><\/div>\n\n\n\n<div class=\"wp-block-group has-global-padding is-layout-constrained wp-container-core-group-is-layout-1 wp-block-group-is-layout-constrained\">\n<div style=\"height:60px\" aria-hidden=\"true\" class=\"wp-block-spacer\"><\/div>\n\n\n\n<div class=\"wp-block-hoyry-accordion\"><accordion-block data-first-open=\"true\" data-all-open=\"false\">\n<div class=\"wp-block-hoyry-accordion-item\"><accordion-item-block><accordion-item-title-wrapper><accordion-item-icon-wrapper><accordion-item-icon><img decoding=\"async\" src=\"https:\/\/admin.boschcarservice.no\/norwegian\/wp-content\/plugins\/hoyry-accordion-block\/assets\/arrow.svg\"\/><\/accordion-item-icon><\/accordion-item-icon-wrapper><accordion-item-title><h3><strong>Vi s\u00f8ker tekniker til v\u00e5rt bilverksted<\/strong><\/h3><\/accordion-item-title><\/accordion-item-title-wrapper><accordion-item-content-wrapper><accordion-item-content>\n<p>Vil du gjerne v\u00e6re en del av et stort nettverk av Bosch Car Service verksteder og f\u00e5 arbeide med dagens og<br>fremtidens teknologi? Bli en del av en internasjonal bilverkstedkjede med fokus p\u00e5 kvalitet og utvikling.<br>Til v\u00e5rt bilverksted s\u00f8ker vi en kvalitetsbevisst og erfaren tekniker som kan v\u00e6re med p\u00e5 \u00e5 l\u00f8se<br>hverdagens utfordringer.<\/p>\n\n\n\n<h4 class=\"wp-block-heading\">Litt om deg:<\/h4>\n\n\n\n<p>\u2022 Du er serviceinnstilt og utadvendt<br>\u2022 Du er utdannet mekaniker og vi ser gjerne du har erfaring med forskjellige bilmerker<br>\u2022 Du har erfaring og kunnskap om feils\u00f8king- og diagnoseutstyr (gjerne Bosch)<br>\u2022 Du liker \u00e5 arbeide med forskjellige problemstillinger p\u00e5 alle typer kj\u00f8ret\u00f8y<br>\u2022 Du er punktlig, arbeider selvstendig og strukturert<br>\u2022 Du har alltid kunden i fokus, yter best mulige service og kan gi gode r\u00e5d etter fullf\u00f8rt oppdrag<\/p>\n\n\n\n<h4 class=\"wp-block-heading\">Vi tilbyr:<\/h4>\n\n\n\n<p>\u2022 Et godt arbeidsmilj\u00f8 med engasjerende og faglig dyktige kolleger<br>\u2022 En arbeidsplass hvor du kommer til \u00e5 utvikle din kompetanse og viten innenfor den teknologiske utviklingen \u2013 f. eks. via tekniske Bosch Systemtekniker-kurs<br>\u2022 Konkurransedyktig l\u00f8nn etter kvalifikasjoner<br>\u2022 Pensjonsavtale<\/p>\n\n\n\n<div style=\"height:50px\" aria-hidden=\"true\" class=\"wp-block-spacer\"><\/div>\n\n\n\n<div class=\"wp-block-buttons is-layout-flex wp-block-buttons-is-layout-flex\">\n<div class=\"wp-block-button\"><a class=\"wp-block-button__link wp-element-button\" href=\"https:\/\/admin.boschcarservice.no\/norwegian\/kontakt-oss\/\">S\u00f8k n\u00e5<\/a><\/div>\n<\/div>\n<\/accordion-item-content><\/accordion-item-content-wrapper><\/accordion-item-block><\/div>\n<\/accordion-block><\/div>\n<\/div>\n\n\n\n<div style=\"height:60px\" aria-hidden=\"true\" class=\"wp-block-spacer\"><\/div>\n\n\n\n<div class=\"wp-block-group alignfull has-dark-blue-background-color has-background has-global-padding is-layout-constrained wp-container-core-group-is-layout-3 wp-block-group-is-layout-constrained\" style=\"margin-top:0;padding-top:var(--wp--preset--spacing--140);padding-right:var(--wp--preset--spacing--20-100);padding-bottom:var(--wp--preset--spacing--140);padding-left:var(--wp--preset--spacing--20-100)\">\n<div class=\"wp-block-group has-global-padding is-layout-constrained wp-container-core-group-is-layout-2 wp-block-group-is-layout-constrained\">\n<h2 class=\"wp-block-heading has-text-align-center has-white-color has-text-color\">Interessert? Kontakt oss i dag.<\/h2>\n\n\n\n<p class=\"has-text-align-center has-light-grey-color has-text-color\">Send din s\u00f8knad og CV gjennom kontaktskjemaet. Ta gjerne kontakt med oss hvis du har sp\u00f8rsm\u00e5l ang\u00e5ende stillingen. Vi ser frem til \u00e5 motta din s\u00f8knad.<\/p>\n\n\n\n<div class=\"wp-block-buttons is-content-justification-center is-layout-flex wp-container-core-buttons-is-layout-2 wp-block-buttons-is-layout-flex\">\n<div class=\"wp-block-button\"><a class=\"wp-block-button__link wp-element-button\" href=\"https:\/\/admin.boschcarservice.no\/norwegian\/kontakt-oss\/\">S\u00f8k n\u00e5<\/a><\/div>\n<\/div>\n<\/div>\n<\/div>\n","protected":false},"excerpt":{"rendered":"<p>Vil du bli med oss? Vi er alltid p\u00e5 jakt etter motiverte og talentfulle personer som \u00f8nsker \u00e5 bli en del av v\u00e5rt team! Vi tilbyr et dynamisk arbeidsmilj\u00f8, hvor du kan utvikle dine ferdigheter gjennom teknisk oppl\u00e6ring direkte hos Bosch.\u00a0\u00a0\u00a0<\/p>\n","protected":false},"author":1,"featured_media":2330,"parent":1438,"menu_order":5,"comment_status":"closed","ping_status":"closed","template":"","meta":{"_acf_changed":false,"_hide_from_nav_menu":false,"_show_duplicate_in_nav_menu_dropdown":false,"footnotes":""},"class_list":["post-1461","page","type-page","status-publish","has-post-thumbnail","hentry"],"acf":[],"_links":{"self":[{"href":"https:\/\/admin.boschcarservice.no\/norwegian\/wp-json\/wp\/v2\/pages\/1461","targetHints":{"allow":["GET"]}}],"collection":[{"href":"https:\/\/admin.boschcarservice.no\/norwegian\/wp-json\/wp\/v2\/pages"}],"about":[{"href":"https:\/\/admin.boschcarservice.no\/norwegian\/wp-json\/wp\/v2\/types\/page"}],"author":[{"embeddable":true,"href":"https:\/\/admin.boschcarservice.no\/norwegian\/wp-json\/wp\/v2\/users\/1"}],"replies":[{"embeddable":true,"href":"https:\/\/admin.boschcarservice.no\/norwegian\/wp-json\/wp\/v2\/comments?post=1461"}],"version-history":[{"count":5,"href":"https:\/\/admin.boschcarservice.no\/norwegian\/wp-json\/wp\/v2\/pages\/1461\/revisions"}],"predecessor-version":[{"id":2691,"href":"https:\/\/admin.boschcarservice.no\/norwegian\/wp-json\/wp\/v2\/pages\/1461\/revisions\/2691"}],"up":[{"embeddable":true,"href":"https:\/\/admin.boschcarservice.no\/norwegian\/wp-json\/wp\/v2\/pages\/1438"}],"wp:featuredmedia":[{"embeddable":true,"href":"https:\/\/admin.boschcarservice.no\/norwegian\/wp-json\/wp\/v2\/media\/2330"}],"wp:attachment":[{"href":"https:\/\/admin.boschcarservice.no\/norwegian\/wp-json\/wp\/v2\/media?parent=1461"}],"curies":[{"name":"wp","href":"https:\/\/api.w.org\/{rel}","templated":true}]}}