{"id":2642,"date":"2024-09-05T14:24:49","date_gmt":"2024-09-05T12:24:49","guid":{"rendered":"https:\/\/admin.boschcarservice.no\/norwegian\/?page_id=2642"},"modified":"2024-09-05T14:41:32","modified_gmt":"2024-09-05T12:41:32","slug":"eu-kontroll","status":"publish","type":"page","link":"https:\/\/admin.boschcarservice.no\/norwegian\/eu-kontroll\/","title":{"rendered":"EU-kontroll"},"content":{"rendered":"\n<div class=\"wp-block-group alignfull has-global-padding is-layout-constrained wp-block-group-is-layout-constrained\">\n<div class=\"wp-block-hoyry-bosch-article-hero\"><article-hero-block><hero-content><h2 class=\"wp-block-post-title\">EU-kontroll<\/h2>\n\n<div class=\"wp-block-post-excerpt\"><p class=\"wp-block-post-excerpt__excerpt\">Ta kontakt med oss neste gang bilen din skal p\u00e5 EU-kontroll, som ogs\u00e5 kalles periodisk kj\u00f8ret\u00f8ykontroll PKK. Vi kontrollerer bilen din p\u00e5 en profesjonell m\u00e5te og kan utf\u00f8re alle n\u00f8dvendige reparasjoner. <\/p><\/div><\/hero-content><hero-image><img decoding=\"async\" src=\"https:\/\/admin.boschcarservice.no\/norwegian\/wp-content\/uploads\/sites\/10\/2023\/03\/carrepairservice91351.jpg\" \/><\/hero-image><\/article-hero-block><\/div>\n<\/div>\n\n\n\n<div class=\"wp-block-group has-global-padding is-layout-constrained wp-container-core-group-is-layout-5 wp-block-group-is-layout-constrained\">\n<div style=\"height:20px\" aria-hidden=\"true\" class=\"wp-block-spacer\"><\/div>\n\n\n\n<h2 class=\"wp-block-heading has-h-3-font-size\">EU-kontroll, periodisk kj\u00f8ret\u00f8ykontroll PKK, kan du f\u00e5 utf\u00f8rt hos oss<\/h2>\n\n\n\n<h4 class=\"wp-block-heading\">Kontrollen tar for seg viktige punkter som:<\/h4>\n\n\n\n<div class=\"wp-block-columns is-layout-flex wp-container-core-columns-is-layout-1 wp-block-columns-is-layout-flex\" style=\"margin-top:var(--wp--preset--spacing--20)\">\n<div class=\"wp-block-column is-layout-flow wp-block-column-is-layout-flow\">\n<h5 class=\"wp-block-heading\">Trafikksikkerhet<\/h5>\n\n\n\n<div class=\"wp-block-hoyry-styled-list is-style-hoyry-styled-list-checkmark\" style=\"margin-top:var(--wp--preset--spacing--10)\">\n<div class=\"wp-block-hoyry-styled-list-item\"><span class=\"marker\"><\/span><p>Lys og sikt<\/p><\/div>\n\n\n\n<div class=\"wp-block-hoyry-styled-list-item\"><span class=\"marker\"><\/span><p>Bremser<\/p><\/div>\n\n\n\n<div class=\"wp-block-hoyry-styled-list-item\"><span class=\"marker\"><\/span><p>&nbsp;Understell<\/p><\/div>\n<\/div>\n<\/div>\n\n\n\n<div class=\"wp-block-column is-layout-flow wp-block-column-is-layout-flow\">\n<h5 class=\"wp-block-heading\">Milj\u00f8<\/h5>\n\n\n\n<div class=\"wp-block-hoyry-styled-list is-style-hoyry-styled-list-checkmark\" style=\"margin-top:var(--wp--preset--spacing--10)\">\n<div class=\"wp-block-hoyry-styled-list-item\"><span class=\"marker\"><\/span><p>Avgass\/eksosutslipp<\/p><\/div>\n\n\n\n<div class=\"wp-block-hoyry-styled-list-item\"><span class=\"marker\"><\/span><p>St\u00f8y<\/p><\/div>\n<\/div>\n<\/div>\n<\/div>\n\n\n\n<h2 class=\"wp-block-heading has-h-3-font-size\" style=\"margin-top:var(--wp--preset--spacing--80)\">N\u00e5r skal kj\u00f8ret\u00f8yet kontrolleres?<\/h2>\n\n\n\n<div class=\"wp-block-group is-style-default has-light-grey-2-background-color has-background has-global-padding is-layout-constrained wp-container-core-group-is-layout-2 wp-block-group-is-layout-constrained\" style=\"margin-top:var(--wp--preset--spacing--20);padding-top:var(--wp--preset--spacing--15);padding-right:var(--wp--preset--spacing--15);padding-bottom:var(--wp--preset--spacing--15);padding-left:var(--wp--preset--spacing--15)\">\n<h4 class=\"wp-block-heading\">Personbil (M1) med maks tillatt totalvekt 7500 kg, og varebil (N1):<\/h4>\n\n\n\n<p style=\"margin-top:var(--wp--preset--spacing--15)\">\u2013 Bilen m\u00e5 ha godkjent EU-kontroll innen fire \u00e5r etter dato for f\u00f8rstegangsregistrering, og deretter senest hvert andre \u00e5r.<\/p>\n<\/div>\n\n\n\n<div class=\"wp-block-group has-light-grey-2-background-color has-background has-global-padding is-layout-constrained wp-container-core-group-is-layout-3 wp-block-group-is-layout-constrained\" style=\"margin-top:var(--wp--preset--spacing--20);margin-bottom:var(--wp--preset--spacing--20);padding-top:var(--wp--preset--spacing--15);padding-right:var(--wp--preset--spacing--15);padding-bottom:var(--wp--preset--spacing--15);padding-left:var(--wp--preset--spacing--15)\">\n<h4 class=\"wp-block-heading\">Personbil (M1) med tillatt totalvekt over 7500 kg, tilhengere med tillatt totalvekt over 3500 kg, buss (M2 og M3), lastebil (N2 og N3), taxi og ambulanse:<\/h4>\n\n\n\n<p style=\"margin-top:var(--wp--preset--spacing--15)\">\u2013 Kj\u00f8ret\u00f8yet m\u00e5 ha godkjent EU-kontroll innen ett \u00e5r etter dato for f\u00f8rstegangsregistrering, og deretter senest hvert \u00e5r.<\/p>\n<\/div>\n\n\n\n<h3 class=\"wp-block-heading\" style=\"margin-top:var(--wp--preset--spacing--60)\">Periodisk kj\u00f8ret\u00f8ykontroll (EU-kontroll) for bedre sikkerhet<\/h3>\n\n\n\n<p style=\"margin-top:var(--wp--preset--spacing--20)\">De gode nyhetene f\u00f8rst: Antall d\u00f8dsulykker er p\u00e5 vei ned. Og n\u00e5 de d\u00e5rlige nyhetene: Nesten 25 % av alle biler p\u00e5 veien har alvorlige feil og mangler. EU-kontroll fra Bosch Car Service er rimelig og gir p\u00e5litelig informasjon om bilen din er helt trafikksikker. Dette hindrer ikke bare trafikkulykker, men bidrar ogs\u00e5 til \u00e5 unng\u00e5 b\u00f8ter og kostbart reparasjonsarbeid. Du b\u00f8r alltid i tillegg overholde kj\u00f8ret\u00f8yets serviceintervaller, slik at du til enhver tid kan kj\u00f8re trygt og sikkert.<\/p>\n\n\n\n<div class=\"wp-block-group is-style-hoyry-group-blue-info-box has-global-padding is-layout-constrained wp-block-group-is-layout-constrained\">\n<h3 class=\"wp-block-heading has-text-align-center\">Sjekk kontrollfristen her<\/h3>\n\n\n\n<p class=\"has-text-align-center\" style=\"margin-top:var(--wp--preset--spacing--20)\">Det er ditt ansvar som bileier \u00e5 s\u00f8rge for at bilen din er EU-kontrollert i tide. M\u00e5let med en slik EU-kontroll, som ogs\u00e5 kalles PKK Periodisk Kj\u00f8ret\u00f8yKontroll, er \u00e5 s\u00f8rge for at vi f\u00e5r en mer milj\u00f8vennlig og tryggere bilpark.<\/p>\n\n\n\n<div class=\"wp-block-buttons is-content-justification-center is-layout-flex wp-container-core-buttons-is-layout-1 wp-block-buttons-is-layout-flex\" style=\"margin-top:var(--wp--preset--spacing--20)\">\n<div class=\"wp-block-button is-style-hoyry-button-default\"><a class=\"wp-block-button__link wp-element-button\" href=\"http:\/\/www.vegvesen.no\/kjoretoy\/Eie+og+vedlikeholde\/EU-kontroll\/Kontrollfrist\">Sjekk kontrollfristen her.<\/a><\/div>\n<\/div>\n<\/div>\n\n\n\n<div style=\"height:100px\" aria-hidden=\"true\" class=\"wp-block-spacer\"><\/div>\n<\/div>\n","protected":false},"excerpt":{"rendered":"<p>Ta kontakt med oss neste gang bilen din skal p\u00e5 EU-kontroll, som ogs\u00e5 kalles periodisk kj\u00f8ret\u00f8ykontroll PKK. Vi kontrollerer bilen din p\u00e5 en profesjonell m\u00e5te og kan utf\u00f8re alle n\u00f8dvendige reparasjoner.<\/p>\n","protected":false},"author":1,"featured_media":1766,"parent":0,"menu_order":8,"comment_status":"closed","ping_status":"closed","template":"","meta":{"_acf_changed":false,"_hide_from_nav_menu":false,"_show_duplicate_in_nav_menu_dropdown":false,"footnotes":""},"class_list":["post-2642","page","type-page","status-publish","has-post-thumbnail","hentry"],"acf":[],"_links":{"self":[{"href":"https:\/\/admin.boschcarservice.no\/norwegian\/wp-json\/wp\/v2\/pages\/2642","targetHints":{"allow":["GET"]}}],"collection":[{"href":"https:\/\/admin.boschcarservice.no\/norwegian\/wp-json\/wp\/v2\/pages"}],"about":[{"href":"https:\/\/admin.boschcarservice.no\/norwegian\/wp-json\/wp\/v2\/types\/page"}],"author":[{"embeddable":true,"href":"https:\/\/admin.boschcarservice.no\/norwegian\/wp-json\/wp\/v2\/users\/1"}],"replies":[{"embeddable":true,"href":"https:\/\/admin.boschcarservice.no\/norwegian\/wp-json\/wp\/v2\/comments?post=2642"}],"version-history":[{"count":4,"href":"https:\/\/admin.boschcarservice.no\/norwegian\/wp-json\/wp\/v2\/pages\/2642\/revisions"}],"predecessor-version":[{"id":2661,"href":"https:\/\/admin.boschcarservice.no\/norwegian\/wp-json\/wp\/v2\/pages\/2642\/revisions\/2661"}],"wp:featuredmedia":[{"embeddable":true,"href":"https:\/\/admin.boschcarservice.no\/norwegian\/wp-json\/wp\/v2\/media\/1766"}],"wp:attachment":[{"href":"https:\/\/admin.boschcarservice.no\/norwegian\/wp-json\/wp\/v2\/media?parent=2642"}],"curies":[{"name":"wp","href":"https:\/\/api.w.org\/{rel}","templated":true}]}}